{"id":3784,"date":"2024-03-14T08:02:38","date_gmt":"2024-03-14T08:02:38","guid":{"rendered":"http:\/\/www.partitura.fss.ukf.sk\/?page_id=3784"},"modified":"2024-03-14T08:02:38","modified_gmt":"2024-03-14T08:02:38","slug":"feljelentes-van-ellene-massagabrazolas-marai-ilona-naploiban-2","status":"publish","type":"page","link":"http:\/\/www.partitura.fss.ukf.sk\/?page_id=3784","title":{"rendered":"\u201eFeljelent\u00e9s van ellene\u201d. M\u00e1ss\u00e1g\u00e1br\u00e1zol\u00e1s M\u00e1rai Ilona napl\u00f3iban"},"content":{"rendered":"<h3>Zolt\u00e1n Csehy<\/h3>\n<p><strong><span style=\"color: #666666;\">IN:\u00a0<\/span><\/strong><span style=\"color: #666666;\">Partit\u00fara Irodalomtudom\u00e1nyi foly\u00f3irat, Volume XVIII. , Issue 1, 2023, p. 53-64 ,\u00a0ISSN 1336-7307<\/span><\/p>\n<p><strong>DOI:\u00a0<\/strong>10.17846\/PA.2023.18.1.53-64<\/p>\n<p><strong>Abstract:<\/strong><\/p>\n<blockquote><p>Ilona M\u00e1rai\u2019s recently published diary entries are fascinating not only for their intrinsic value, but also for the M\u00e1rai S\u00e1ndor\u2019s universe as a whole. M\u00e1rain\u00e9 also records several seemingly essential moments that explain the history of the development of the homoerotic segments of M\u00e1rai\u2019s oeuvre. Among the othernesses, this paper focuses on representations of sexual otherness. It examines three sets of texts: homosexual aspects of M\u00e1rai\u2019s person and oeuvre, the treatment of queer films, books and theatrical experiences, and the presence of otherness in specific contexts.<\/p><\/blockquote>\n<p><a href=\"http:\/\/www.partitura.fss.ukf.sk\/wp-content\/uploads\/2024\/03\/Partitura-2023-1-053-064.pdf\"><strong>Whole issue<\/strong><\/a><\/p>\n","protected":false},"excerpt":{"rendered":"<p>Zolt\u00e1n Csehy IN:\u00a0Partit\u00fara Irodalomtudom\u00e1nyi foly\u00f3irat, Volume XVIII. , Issue 1, 2023, p. 53-64 ,\u00a0ISSN 1336-7307 [&hellip;]<\/p>\n","protected":false},"author":5,"featured_media":0,"parent":0,"menu_order":0,"comment_status":"closed","ping_status":"closed","template":"","meta":[],"_links":{"self":[{"href":"http:\/\/www.partitura.fss.ukf.sk\/index.php?rest_route=\/wp\/v2\/pages\/3784"}],"collection":[{"href":"http:\/\/www.partitura.fss.ukf.sk\/index.php?rest_route=\/wp\/v2\/pages"}],"about":[{"href":"http:\/\/www.partitura.fss.ukf.sk\/index.php?rest_route=\/wp\/v2\/types\/page"}],"author":[{"embeddable":true,"href":"http:\/\/www.partitura.fss.ukf.sk\/index.php?rest_route=\/wp\/v2\/users\/5"}],"replies":[{"embeddable":true,"href":"http:\/\/www.partitura.fss.ukf.sk\/index.php?rest_route=%2Fwp%2Fv2%2Fcomments&post=3784"}],"version-history":[{"count":1,"href":"http:\/\/www.partitura.fss.ukf.sk\/index.php?rest_route=\/wp\/v2\/pages\/3784\/revisions"}],"predecessor-version":[{"id":3800,"href":"http:\/\/www.partitura.fss.ukf.sk\/index.php?rest_route=\/wp\/v2\/pages\/3784\/revisions\/3800"}],"wp:attachment":[{"href":"http:\/\/www.partitura.fss.ukf.sk\/index.php?rest_route=%2Fwp%2Fv2%2Fmedia&parent=3784"}],"curies":[{"name":"wp","href":"https:\/\/api.w.org\/{rel}","templated":true}]}}