{"id":3785,"date":"2024-03-14T08:04:56","date_gmt":"2024-03-14T08:04:56","guid":{"rendered":"http:\/\/www.partitura.fss.ukf.sk\/?page_id=3785"},"modified":"2024-03-14T08:04:56","modified_gmt":"2024-03-14T08:04:56","slug":"hova-van-beosztva-a-zsido-identitas-narrativizalasanak-modjai-es-dilemmai-szep-erno-es-markovits-rodion-oneletiroi-muveiben-2","status":"publish","type":"page","link":"http:\/\/www.partitura.fss.ukf.sk\/?page_id=3785","title":{"rendered":"Hova van \u201ebeosztva\u201d? A zsid\u00f3 identit\u00e1s narrativiz\u00e1l\u00e1s\u00e1nak m\u00f3djai \u00e9s&nbsp;dilemm\u00e1i Sz\u00e9p Ern\u0151 \u00e9s&nbsp;Markovits Rodion \u00f6n\u00e9let\u00edr\u00f3i m\u0171veiben"},"content":{"rendered":"<h3>P\u00e1l Sz\u00e1z<\/h3>\n<p><strong><span style=\"color: #666666;\">IN:\u00a0<\/span><\/strong><span style=\"color: #666666;\">Partit\u00fara Irodalomtudom\u00e1nyi foly\u00f3irat, Volume XVIII. , Issue 1, 2023, p. 65-100 ,\u00a0ISSN 1336-7307<\/span><\/p>\n<p><strong>DOI:\u00a0<\/strong>10.17846\/PA.2023.18.1.65-100<\/p>\n<p><strong>Abstract:<\/strong><\/p>\n<blockquote><p>The study deals with two works by two outstanding authors of Hungarian interwar prose. Both Ern\u0151 Sz\u00e9p and Rodion Markovits were born into Jewish families, but they performed their work outside the confessional framework. Both authors have written two autobiographical works that can be read more or less as autoethnography, since the autobiographer narrates his own origins, the world of his childhood, in relation to its culture. The articulation of Jewish identity differs between two works of each author. The articulation of Jewish identity in Rodion Markovits\u2019s short prose collection, Reb \u00c1ncsli \u00e9s m\u00e1s avasi zsid\u00f3kr\u00f3l sz\u00f3l\u00f3 sz\u00e9phist\u00f3ri\u00e1k [Reb \u00c1ncsli and other stories about the Jews of Avas] plays key role: the narratives depict a closed Jewish world of which the family is a part. In contrast, in his memoir Any\u00e1m kertje [My mother\u2019s garden], he makes no mention of his family being Jewish. There is a similar contradiction in the case of Ern\u0151 Sz\u00e9p, who, in his autobiographical novel Dali dali dal [Dali dali song], mentions only once the Jewish identity of the protagonist, his father, at the end of the book. Sz\u00e9p\u2019s Feln\u0151tteknek [For Adults] is an autoethnographic memoir, dealing with themes of family and childhood, so that Jewish \u201atraits\u2019 appear as a matter of course. The contradiction between these two works by the two writers points to the example, how the narrative identity is constructed, and the fact, that autobiography is a subject of fabrication.<\/p><\/blockquote>\n<p><a href=\"http:\/\/www.partitura.fss.ukf.sk\/wp-content\/uploads\/2024\/03\/Partitura-2023-1-065-100.pdf\"><strong>Whole issue<\/strong><\/a><\/p>\n","protected":false},"excerpt":{"rendered":"<p>P\u00e1l Sz\u00e1z IN:\u00a0Partit\u00fara Irodalomtudom\u00e1nyi foly\u00f3irat, Volume XVIII. , Issue 1, 2023, p. 65-100 ,\u00a0ISSN 1336-7307 [&hellip;]<\/p>\n","protected":false},"author":5,"featured_media":0,"parent":0,"menu_order":0,"comment_status":"closed","ping_status":"closed","template":"","meta":[],"_links":{"self":[{"href":"http:\/\/www.partitura.fss.ukf.sk\/index.php?rest_route=\/wp\/v2\/pages\/3785"}],"collection":[{"href":"http:\/\/www.partitura.fss.ukf.sk\/index.php?rest_route=\/wp\/v2\/pages"}],"about":[{"href":"http:\/\/www.partitura.fss.ukf.sk\/index.php?rest_route=\/wp\/v2\/types\/page"}],"author":[{"embeddable":true,"href":"http:\/\/www.partitura.fss.ukf.sk\/index.php?rest_route=\/wp\/v2\/users\/5"}],"replies":[{"embeddable":true,"href":"http:\/\/www.partitura.fss.ukf.sk\/index.php?rest_route=%2Fwp%2Fv2%2Fcomments&post=3785"}],"version-history":[{"count":1,"href":"http:\/\/www.partitura.fss.ukf.sk\/index.php?rest_route=\/wp\/v2\/pages\/3785\/revisions"}],"predecessor-version":[{"id":3801,"href":"http:\/\/www.partitura.fss.ukf.sk\/index.php?rest_route=\/wp\/v2\/pages\/3785\/revisions\/3801"}],"wp:attachment":[{"href":"http:\/\/www.partitura.fss.ukf.sk\/index.php?rest_route=%2Fwp%2Fv2%2Fmedia&parent=3785"}],"curies":[{"name":"wp","href":"https:\/\/api.w.org\/{rel}","templated":true}]}}