{"id":3804,"date":"2024-03-14T08:11:29","date_gmt":"2024-03-14T08:11:29","guid":{"rendered":"http:\/\/www.partitura.fss.ukf.sk\/?page_id=3804"},"modified":"2024-03-14T08:20:45","modified_gmt":"2024-03-14T08:20:45","slug":"a-targyilagos-erzelemkifejezes-strategiai-anna-waltraud-mitgutsch-die-zuchtigung-cimu-regenyeben","status":"publish","type":"page","link":"http:\/\/www.partitura.fss.ukf.sk\/?page_id=3804","title":{"rendered":"A&nbsp;\u201et\u00e1rgyilagos\u201d \u00e9rzelemkifejez\u00e9s strat\u00e9gi\u00e1i Anna Waltraud Mitgutsch <em>\u201eDie Z\u00fcchtigung\u201d<\/em> c\u00edm\u0171 reg\u00e9ny\u00e9ben"},"content":{"rendered":"<h3>Kegyes Erika<\/h3>\n<p><strong><span style=\"color: #666666;\">IN:\u00a0<\/span><\/strong><span style=\"color: #666666;\">Partit\u00fara Irodalomtudom\u00e1nyi foly\u00f3irat, \u00c9vfolyam XVIII. , Sz\u00e1m 2, 2023, 3-18. oldal ,\u00a0ISSN 1336-7307<\/span><\/p>\n<p><strong>DOI:\u00a0<\/strong>10.17846\/PA.2023.18.2.3-18<\/p>\n<p><strong>Absztrakt:<\/strong><\/p>\n<blockquote><p>A&nbsp;tanulm\u00e1ny Anna Waltraud Mitgutsch ismert osztr\u00e1k \u00edr\u00f3n\u0151 els\u0151 reg\u00e9ny\u00e9t elemzi, amely a&nbsp;Die Z\u00fcchtigung c\u00edmet viseli. Az&nbsp;elemz\u00e9s azokat a&nbsp;strat\u00e9gi\u00e1kat mutatja be, amelyekkel Mitgutsch egyr\u00e9szt a&nbsp;saj\u00e1tosan n\u0151i tapasztalatot \u00f6r\u00f6k\u00edti \u00e1t az&nbsp;anya-l\u00e1nya kapcsolatok \u00e9rtelmez\u00e9s\u00e9ben, m\u00e1sr\u00e9szt lesz\u00e1molni k\u00edv\u00e1n azzal, hogy ebben a&nbsp;t\u00e9m\u00e1ban csakis \u00e9s&nbsp;kiz\u00e1r\u00f3lag n\u0151i hangon lehet megsz\u00f3lalni. E&nbsp;kett\u0151s c\u00e9lkit\u0171z\u00e9s paradox helyzet\u00e9ben tesz k\u00eds\u00e9rletet Mitgutsch a&nbsp;\u201et\u00e1rgyilagos\u201d \u00e9rzelemkifejez\u00e9s nyelvezet\u00e9nek megalkot\u00e1s\u00e1ra. Ennek a&nbsp;nyelvi megold\u00e1sait m\u00e9ltatja a&nbsp;tanulm\u00e1ny, r\u00e1vil\u00e1g\u00edtva a&nbsp;reg\u00e9ny alaproblematik\u00e1j\u00e1ra is: az&nbsp;anya-l\u00e1nya kapcsolatok form\u00e1it \u00e9s&nbsp;jellemz\u0151 konfliktusait \u00e9pp\u00fagy \u00e1tadj\u00e1k a&nbsp;gener\u00e1ci\u00f3k egym\u00e1snak, mint a&nbsp;besz\u00e9dm\u00f3dot, ahogyan ezekr\u0151l besz\u00e9l\u00fcnk.<\/p><\/blockquote>\n<p><a href=\"http:\/\/www.partitura.fss.ukf.sk\/wp-content\/uploads\/2024\/03\/Partitura-2023-2-003-018.pdf\"><strong>Teljes sz\u00f6veg<\/strong><\/a><\/p>\n","protected":false},"excerpt":{"rendered":"<p>Kegyes Erika IN:\u00a0Partit\u00fara Irodalomtudom\u00e1nyi foly\u00f3irat, \u00c9vfolyam XVIII. , Sz\u00e1m 2, 2023, 3-18. oldal ,\u00a0ISSN 1336-7307 [&hellip;]<\/p>\n","protected":false},"author":5,"featured_media":0,"parent":0,"menu_order":0,"comment_status":"closed","ping_status":"closed","template":"","meta":[],"_links":{"self":[{"href":"http:\/\/www.partitura.fss.ukf.sk\/index.php?rest_route=\/wp\/v2\/pages\/3804"}],"collection":[{"href":"http:\/\/www.partitura.fss.ukf.sk\/index.php?rest_route=\/wp\/v2\/pages"}],"about":[{"href":"http:\/\/www.partitura.fss.ukf.sk\/index.php?rest_route=\/wp\/v2\/types\/page"}],"author":[{"embeddable":true,"href":"http:\/\/www.partitura.fss.ukf.sk\/index.php?rest_route=\/wp\/v2\/users\/5"}],"replies":[{"embeddable":true,"href":"http:\/\/www.partitura.fss.ukf.sk\/index.php?rest_route=%2Fwp%2Fv2%2Fcomments&post=3804"}],"version-history":[{"count":5,"href":"http:\/\/www.partitura.fss.ukf.sk\/index.php?rest_route=\/wp\/v2\/pages\/3804\/revisions"}],"predecessor-version":[{"id":3818,"href":"http:\/\/www.partitura.fss.ukf.sk\/index.php?rest_route=\/wp\/v2\/pages\/3804\/revisions\/3818"}],"wp:attachment":[{"href":"http:\/\/www.partitura.fss.ukf.sk\/index.php?rest_route=%2Fwp%2Fv2%2Fmedia&parent=3804"}],"curies":[{"name":"wp","href":"https:\/\/api.w.org\/{rel}","templated":true}]}}