{"id":3807,"date":"2024-03-14T08:15:39","date_gmt":"2024-03-14T08:15:39","guid":{"rendered":"http:\/\/www.partitura.fss.ukf.sk\/?page_id=3807"},"modified":"2024-03-14T08:15:39","modified_gmt":"2024-03-14T08:15:39","slug":"hang-csend-es-identitas-anyak-es-lanyok-tillie-olsen-es-amy-tan-narrativaiban","status":"publish","type":"page","link":"http:\/\/www.partitura.fss.ukf.sk\/?page_id=3807","title":{"rendered":"Hang, csend \u00e9s&nbsp;identit\u00e1s: Any\u00e1k \u00e9s&nbsp;l\u00e1nyok Tillie Olsen \u00e9s&nbsp;Amy Tan narrat\u00edv\u00e1iban"},"content":{"rendered":"<h3>Pusk\u00e1s Andrea<\/h3>\n<p><strong><span style=\"color: #666666;\">IN:\u00a0<\/span><\/strong><span style=\"color: #666666;\">Partit\u00fara Irodalomtudom\u00e1nyi foly\u00f3irat, \u00c9vfolyam XVIII. , Sz\u00e1m 2, 2023, 19-34. oldal ,\u00a0ISSN 1336-7307<\/span><\/p>\n<p><strong>DOI:\u00a0<\/strong>10.17846\/PA.2023.18.2.19-34<\/p>\n<p><strong>Absztrakt:<\/strong><\/p>\n<blockquote><p>A tanulm\u00e1ny az&nbsp;anya \u00e9s&nbsp;l\u00e1nya kapcsolatra, az&nbsp;any\u00e1k \u00e9s&nbsp;l\u00e1nyok \u00e1br\u00e1zol\u00e1s\u00e1ra \u00f6sszpontos\u00edt Tillie Olsen I Stand Here Ironing (Itt \u00e1llok \u00e9s&nbsp;vasalok) \u00e9s&nbsp;Amy Tan Two Kinds c\u00edm\u0171 \u00edr\u00e1s\u00e1ban, mely a&nbsp;The Joy Luck Club (Mennyei \u00f6r\u00f6m\u00f6k klubja) reg\u00e9ny\u00e9nek egyik fejezete, amit gyakran \u00e9rtelmeznek \u00f6n\u00e1ll\u00f3 novellak\u00e9nt is. A&nbsp;f\u0151 kiindul\u00f3pont egy&nbsp;feminista irodalomkritikai n\u00e9z\u0151pont, amely nyomon k\u00f6veti a&nbsp;kiv\u00e1lasztott sz\u00f6vegekben a&nbsp;kor feminista alapelveinek rezon\u00e1l\u00e1s\u00e1t. Tov\u00e1bbi c\u00e9l, hogy \u201eclose-reading\u201d technika seg\u00edts\u00e9g\u00e9vel megvizsg\u00e1ljuk az&nbsp;anya \u00e9s&nbsp;l\u00e1nya hangj\u00e1nak jelenl\u00e9t\u00e9t a&nbsp;sz\u00f6vegekben, a&nbsp;kapcsolat dinamik\u00e1j\u00e1t \u00e9s&nbsp;jelleg\u00e9t. M\u00edg Tillie Olsen novell\u00e1ja legink\u00e1bb az&nbsp;anya hangj\u00e1ra \u00e9s&nbsp;legf\u0151k\u00e9ppen csendj\u00e9re \u00f6sszpontos\u00edt, az&nbsp;anya mint \u00e1ldozat bemutat\u00e1s\u00e1ra, Amy Tan \u00edr\u00e1s\u00e1ban a&nbsp;l\u00e1ny n\u00e9z\u0151pontja ker\u00fcl el\u0151t\u00e9rbe, valamint az&nbsp;any\u00e1r\u00f3l kialak\u00edtott k\u00e9p \u00fajra\u00e9rtelmez\u00e9se \u00e9s&nbsp;\u00fajradefini\u00e1l\u00e1sa, amely fontos eleme a&nbsp;szem\u00e9lyes identit\u00e1s kialakul\u00e1s\u00e1nak \u00e9s&nbsp;az&nbsp;identit\u00e1s mint folyamat \u00e9rtelmez\u00e9s\u00e9nek.<\/p><\/blockquote>\n<p><a href=\"http:\/\/www.partitura.fss.ukf.sk\/wp-content\/uploads\/2024\/03\/Partitura-2023-2-019-034.pdf\"><strong>Teljes sz\u00f6veg<\/strong><\/a><\/p>\n","protected":false},"excerpt":{"rendered":"<p>Pusk\u00e1s Andrea IN:\u00a0Partit\u00fara Irodalomtudom\u00e1nyi foly\u00f3irat, \u00c9vfolyam XVIII. , Sz\u00e1m 2, 2023, 19-34. oldal ,\u00a0ISSN 1336-7307 [&hellip;]<\/p>\n","protected":false},"author":5,"featured_media":0,"parent":0,"menu_order":0,"comment_status":"closed","ping_status":"closed","template":"","meta":[],"_links":{"self":[{"href":"http:\/\/www.partitura.fss.ukf.sk\/index.php?rest_route=\/wp\/v2\/pages\/3807"}],"collection":[{"href":"http:\/\/www.partitura.fss.ukf.sk\/index.php?rest_route=\/wp\/v2\/pages"}],"about":[{"href":"http:\/\/www.partitura.fss.ukf.sk\/index.php?rest_route=\/wp\/v2\/types\/page"}],"author":[{"embeddable":true,"href":"http:\/\/www.partitura.fss.ukf.sk\/index.php?rest_route=\/wp\/v2\/users\/5"}],"replies":[{"embeddable":true,"href":"http:\/\/www.partitura.fss.ukf.sk\/index.php?rest_route=%2Fwp%2Fv2%2Fcomments&post=3807"}],"version-history":[{"count":1,"href":"http:\/\/www.partitura.fss.ukf.sk\/index.php?rest_route=\/wp\/v2\/pages\/3807\/revisions"}],"predecessor-version":[{"id":3815,"href":"http:\/\/www.partitura.fss.ukf.sk\/index.php?rest_route=\/wp\/v2\/pages\/3807\/revisions\/3815"}],"wp:attachment":[{"href":"http:\/\/www.partitura.fss.ukf.sk\/index.php?rest_route=%2Fwp%2Fv2%2Fmedia&parent=3807"}],"curies":[{"name":"wp","href":"https:\/\/api.w.org\/{rel}","templated":true}]}}