{"id":3808,"date":"2024-03-14T08:18:22","date_gmt":"2024-03-14T08:18:22","guid":{"rendered":"http:\/\/www.partitura.fss.ukf.sk\/?page_id=3808"},"modified":"2024-03-14T08:18:22","modified_gmt":"2024-03-14T08:18:22","slug":"noi-es-ferfi-irodalom-a-befogadoi-sztereotipiak-tukreben","status":"publish","type":"page","link":"http:\/\/www.partitura.fss.ukf.sk\/?page_id=3808","title":{"rendered":"N\u0151i \u00e9s&nbsp;f\u00e9rfi irodalom a&nbsp;befogad\u00f3i sztereot\u00edpi\u00e1k t\u00fckr\u00e9ben"},"content":{"rendered":"<h3>Szab\u00f3 L. D\u00e1vid \u2013 Polg\u00e1r Anik\u00f3<\/h3>\n<p><strong><span style=\"color: #666666;\">IN:\u00a0<\/span><\/strong><span style=\"color: #666666;\">Partit\u00fara Irodalomtudom\u00e1nyi foly\u00f3irat, \u00c9vfolyam XVIII. , Sz\u00e1m 2, 2023, 35-51. oldal ,\u00a0ISSN 1336-7307<\/span><\/p>\n<p><strong>DOI:\u00a0<\/strong>10.17846\/PA.2023.18.2.35-51<\/p>\n<p><strong>Absztrakt:<\/strong><\/p>\n<blockquote><p>A tanulm\u00e1ny c\u00e9lja megvizsg\u00e1lni, hogy (1) egy&nbsp;irodalmi sz\u00f6vegr\u0151l egy\u00e9rtelm\u0171en eld\u00f6nthet\u0151-e, annak szerz\u0151je milyen nem\u0171. Feltev\u00e9s\u00fcnk szerint egy&nbsp;sz\u00f6veg olvas\u00e1sakor olyan t\u00e1rsadalmi sztereot\u00edpi\u00e1kra hagyatkozunk, amelyek befoly\u00e1solnak minket az&nbsp;adott sz\u00f6veg befogad\u00e1sa sor\u00e1n. Szeretn\u00e9nk megtudni, hogy (2) vannak-e olyan szavak, illetve sz\u00f3kapcsolatok, amelyek megt\u00e9veszt\u0151ek lehetnek az&nbsp;olvas\u00e1s sor\u00e1n, teh\u00e1t, hogy l\u00e9tezik-e f\u00e9rfi vagy n\u0151i n\u00e9z\u0151pont az&nbsp;irodalomban. Kutat\u00e1sunk tov\u00e1bbi c\u00e9lja megvizsg\u00e1lni, hogy (3) van-e k\u00fcl\u00f6nbs\u00e9g a&nbsp;f\u00e9rfi \u00e9s&nbsp;n\u0151i olvas\u00f3k meg\u00edt\u00e9l\u00e9se k\u00f6z\u00f6tt egy&nbsp;adott sz\u00f6vegr\u0151l; valamint azt is, hogy (4) vane k\u00fcl\u00f6nbs\u00e9g a&nbsp;magyar szakos \u00e9s&nbsp;a&nbsp;nem magyar szakos hallgat\u00f3k meg\u00edt\u00e9l\u00e9se k\u00f6z\u00f6tt egy&nbsp;adott sz\u00f6vegr\u0151l. A&nbsp;kutat\u00e1s a&nbsp;szlov\u00e1kiai Selye J\u00e1nos Egyetemen val\u00f3sult meg.<\/p><\/blockquote>\n<p><a href=\"http:\/\/www.partitura.fss.ukf.sk\/wp-content\/uploads\/2024\/03\/Partitura-2023-2-035-051.pdf\"><strong>Teljes sz\u00f6veg<\/strong><\/a><\/p>\n","protected":false},"excerpt":{"rendered":"<p>Szab\u00f3 L. D\u00e1vid \u2013 Polg\u00e1r Anik\u00f3 IN:\u00a0Partit\u00fara Irodalomtudom\u00e1nyi foly\u00f3irat, \u00c9vfolyam XVIII. , Sz\u00e1m 2, 2023, [&hellip;]<\/p>\n","protected":false},"author":5,"featured_media":0,"parent":0,"menu_order":0,"comment_status":"closed","ping_status":"closed","template":"","meta":[],"_links":{"self":[{"href":"http:\/\/www.partitura.fss.ukf.sk\/index.php?rest_route=\/wp\/v2\/pages\/3808"}],"collection":[{"href":"http:\/\/www.partitura.fss.ukf.sk\/index.php?rest_route=\/wp\/v2\/pages"}],"about":[{"href":"http:\/\/www.partitura.fss.ukf.sk\/index.php?rest_route=\/wp\/v2\/types\/page"}],"author":[{"embeddable":true,"href":"http:\/\/www.partitura.fss.ukf.sk\/index.php?rest_route=\/wp\/v2\/users\/5"}],"replies":[{"embeddable":true,"href":"http:\/\/www.partitura.fss.ukf.sk\/index.php?rest_route=%2Fwp%2Fv2%2Fcomments&post=3808"}],"version-history":[{"count":1,"href":"http:\/\/www.partitura.fss.ukf.sk\/index.php?rest_route=\/wp\/v2\/pages\/3808\/revisions"}],"predecessor-version":[{"id":3816,"href":"http:\/\/www.partitura.fss.ukf.sk\/index.php?rest_route=\/wp\/v2\/pages\/3808\/revisions\/3816"}],"wp:attachment":[{"href":"http:\/\/www.partitura.fss.ukf.sk\/index.php?rest_route=%2Fwp%2Fv2%2Fmedia&parent=3808"}],"curies":[{"name":"wp","href":"https:\/\/api.w.org\/{rel}","templated":true}]}}