{"id":3809,"date":"2024-03-14T08:21:31","date_gmt":"2024-03-14T08:21:31","guid":{"rendered":"http:\/\/www.partitura.fss.ukf.sk\/?page_id=3809"},"modified":"2024-03-14T08:31:14","modified_gmt":"2024-03-14T08:31:14","slug":"iras-olvasas-tanulasi-es-elsajatitasi-kepesseget-elorejelzo-vizsgalatok-magyarorszagon","status":"publish","type":"page","link":"http:\/\/www.partitura.fss.ukf.sk\/?page_id=3809","title":{"rendered":"\u00cdr\u00e1s-olvas\u00e1s tanul\u00e1si \u00e9s&nbsp;elsaj\u00e1t\u00edt\u00e1si k\u00e9pess\u00e9get el\u0151rejelz\u0151 vizsg\u00e1latok Magyarorsz\u00e1gon"},"content":{"rendered":"<h3>Juh\u00e1sz Val\u00e9ria<\/h3>\n<p><strong><span style=\"color: #666666;\">IN:\u00a0<\/span><\/strong><span style=\"color: #666666;\">Partit\u00fara Irodalomtudom\u00e1nyi foly\u00f3irat, \u00c9vfolyam XVIII. , Sz\u00e1m 2, 2023, 52-74. oldal ,\u00a0ISSN 1336-7307<\/span><\/p>\n<p><strong>DOI:\u00a0<\/strong>10.17846\/PA.2023.18.2.52-74<\/p>\n<p><strong>Absztrakt:<\/strong><\/p>\n<blockquote><p>Az iskol\u00e1ra val\u00f3 felk\u00e9sz\u00fclts\u00e9g egyik eleme az&nbsp;\u00edr\u00e1s-olvas\u00e1shoz tartoz\u00f3 k\u00e9pess\u00e9gek, k\u00e9szs\u00e9gek fejletts\u00e9gi szintje. A&nbsp;k\u00f6vetkez\u0151kben a&nbsp;magyar gyakorlatban haszn\u00e1lt n\u00e9gy teszten kereszt\u00fcl mutatom be, milyen vizsg\u00e1latokat alkalmaznak a&nbsp;gyermekek \u00edr\u00e1s-olvas\u00e1si, tanul\u00e1si k\u00e9pess\u00e9g\u00e9nek el\u0151rejelz\u00e9s\u00e9re \u00f3vod\u00e1skorban, illetve iskolakezd\u00e9skor. R\u00f6viden jellemzem a&nbsp;teszteket, majd a&nbsp;k\u00fcl\u00f6nb\u00f6z\u0151 m\u00e9r\u0151eszk\u00f6z\u00f6kben tal\u00e1lhat\u00f3 feladatt\u00edpusok szerint csoportos\u00edtom a&nbsp;vizsg\u00e1latokat, melyek ment\u00e9n \u00e1ttekintem az&nbsp;\u00edr\u00e1s-olvas\u00e1s elsaj\u00e1t\u00edt\u00e1s\u00e1hoz sz\u00fcks\u00e9ges k\u00e9pess\u00e9gter\u00fcleteket, azok gyakorlati vet\u00fclet\u00e9t hangs\u00falyozva. A&nbsp;k\u00fcl\u00f6nb\u00f6z\u0151 tesztekben m\u00e9rt k\u00e9pess\u00e9gter\u00fcletek \u00e9s&nbsp;a&nbsp;hozz\u00e1juk tartoz\u00f3 feladatok egy\u00fcttesen alkalmasak az&nbsp;\u00edr\u00e1s-olvas\u00e1si el\u0151k\u00e9sz\u00fclts\u00e9g pontosabb meg\u00e1llap\u00edt\u00e1s\u00e1ra. A&nbsp;tesztekben l\u00e9v\u0151 feladatt\u00edpusokat a&nbsp;fejleszt\u00e9sben is lehet haszn\u00e1lni.<\/p><\/blockquote>\n<p><a href=\"http:\/\/www.partitura.fss.ukf.sk\/wp-content\/uploads\/2024\/03\/Partitura-2023-2-052-074.pdf\"><strong>Teljes sz\u00f6veg<\/strong><\/a><\/p>\n","protected":false},"excerpt":{"rendered":"<p>Juh\u00e1sz Val\u00e9ria IN:\u00a0Partit\u00fara Irodalomtudom\u00e1nyi foly\u00f3irat, \u00c9vfolyam XVIII. , Sz\u00e1m 2, 2023, 52-74. oldal ,\u00a0ISSN 1336-7307 [&hellip;]<\/p>\n","protected":false},"author":5,"featured_media":0,"parent":0,"menu_order":0,"comment_status":"closed","ping_status":"closed","template":"","meta":[],"_links":{"self":[{"href":"http:\/\/www.partitura.fss.ukf.sk\/index.php?rest_route=\/wp\/v2\/pages\/3809"}],"collection":[{"href":"http:\/\/www.partitura.fss.ukf.sk\/index.php?rest_route=\/wp\/v2\/pages"}],"about":[{"href":"http:\/\/www.partitura.fss.ukf.sk\/index.php?rest_route=\/wp\/v2\/types\/page"}],"author":[{"embeddable":true,"href":"http:\/\/www.partitura.fss.ukf.sk\/index.php?rest_route=\/wp\/v2\/users\/5"}],"replies":[{"embeddable":true,"href":"http:\/\/www.partitura.fss.ukf.sk\/index.php?rest_route=%2Fwp%2Fv2%2Fcomments&post=3809"}],"version-history":[{"count":2,"href":"http:\/\/www.partitura.fss.ukf.sk\/index.php?rest_route=\/wp\/v2\/pages\/3809\/revisions"}],"predecessor-version":[{"id":3825,"href":"http:\/\/www.partitura.fss.ukf.sk\/index.php?rest_route=\/wp\/v2\/pages\/3809\/revisions\/3825"}],"wp:attachment":[{"href":"http:\/\/www.partitura.fss.ukf.sk\/index.php?rest_route=%2Fwp%2Fv2%2Fmedia&parent=3809"}],"curies":[{"name":"wp","href":"https:\/\/api.w.org\/{rel}","templated":true}]}}