{"id":3811,"date":"2024-03-14T08:27:32","date_gmt":"2024-03-14T08:27:32","guid":{"rendered":"http:\/\/www.partitura.fss.ukf.sk\/?page_id=3811"},"modified":"2024-03-14T08:27:32","modified_gmt":"2024-03-14T08:27:32","slug":"evrol-evre-kinosabb-ahogy-reppelem-a-nehezlabot-krubi-ganxsta-zolee-tehet-mindenrol-cimu-dalanak-intermedialis-ertelmezese","status":"publish","type":"page","link":"http:\/\/www.partitura.fss.ukf.sk\/?page_id=3811","title":{"rendered":"\u201e\u00e9vr\u0151l \u00e9vre k\u00ednosabb, ahogy reppelem a&nbsp;Neh\u00e9zl\u00e1bot\u201d. Kr\u00fabi Ganxsta Zolee Tehet Mindenr\u0151l c\u00edm\u0171 dal\u00e1nak intermedi\u00e1lis \u00e9rtelmez\u00e9se"},"content":{"rendered":"<h3>Borb\u00edr\u00f3 Aletta<\/h3>\n<p><strong><span style=\"color: #666666;\">IN:\u00a0<\/span><\/strong><span style=\"color: #666666;\">Partit\u00fara Irodalomtudom\u00e1nyi foly\u00f3irat, \u00c9vfolyam XVIII. , Sz\u00e1m 2, 2023, 87-102. oldal ,\u00a0ISSN 1336-7307<\/span><\/p>\n<p><strong>DOI:\u00a0<\/strong>10.17846\/PA.2023.18.2.87-102<\/p>\n<p><strong>Absztrakt:<\/strong><\/p>\n<blockquote><p>Tanulm\u00e1nyomban Kr\u00fabi Ganxsta Zolee Tehet Mindenr\u0151l c\u00edm\u0171 dal\u00e1t \u00e9s&nbsp;vide\u00f3klipj\u00e9t elemzem Kr\u00fabi p\u00e1lya\u00edve, a&nbsp;raphagyom\u00e1ny, illetve a&nbsp;zene \u00e9s&nbsp;vide\u00f3 szemantikai \u00f6sszekapcsol\u00f3d\u00e1s\u00e1nak tekintet\u00e9ben. A&nbsp;tanulm\u00e1nyban r\u00f6viden v\u00e1zolom a&nbsp;rap t\u00f6rt\u00e9net\u00e9t, a&nbsp;gengszterrap jellemz\u0151it, illetve a&nbsp;rapperhez mint altereg\u00f3hoz kapcsol\u00f3d\u00f3 identit\u00e1s markereket. \u00c9rvel\u00e9sem sor\u00e1n r\u00e1mutatok, hogy a&nbsp;rap elemz\u00e9se sor\u00e1n nem el\u00e9g csup\u00e1n a&nbsp;dalsz\u00f6vegre vagy a&nbsp;zen\u00e9re koncentr\u00e1lni, hanem a&nbsp;rapper altereg\u00f3 soksz\u00edn\u0171, t\u00f6bb m\u00e9diumban megjelen\u0151 reprezent\u00e1ci\u00f3ja miatt (a magyar neoavantg\u00e1rd alkot\u00f3inak meg\u00e9rt\u00e9s\u00e9vel anal\u00f3g m\u00f3don) olyan \u00f6sszm\u0171v\u00e9szeti szeml\u00e9letre van sz\u00fcks\u00e9g, amely a&nbsp;zen\u00e9n \u00e9s&nbsp;vide\u00f3klipeken t\u00fal egyar\u00e1nt sz\u00e1m\u00edt\u00e1sba veszi a&nbsp;koncerteket, illetve a&nbsp;k\u00f6z\u00f6ss\u00e9gi m\u00e9di\u00e1ban val\u00f3 jelenl\u00e9tet.<\/p><\/blockquote>\n<p><a href=\"http:\/\/www.partitura.fss.ukf.sk\/wp-content\/uploads\/2024\/03\/Partitura-2023-2-087-102.pdf\"><strong>Teljes sz\u00f6veg<\/strong><\/a><\/p>\n","protected":false},"excerpt":{"rendered":"<p>Borb\u00edr\u00f3 Aletta IN:\u00a0Partit\u00fara Irodalomtudom\u00e1nyi foly\u00f3irat, \u00c9vfolyam XVIII. , Sz\u00e1m 2, 2023, 87-102. oldal ,\u00a0ISSN 1336-7307 [&hellip;]<\/p>\n","protected":false},"author":5,"featured_media":0,"parent":0,"menu_order":0,"comment_status":"closed","ping_status":"closed","template":"","meta":[],"_links":{"self":[{"href":"http:\/\/www.partitura.fss.ukf.sk\/index.php?rest_route=\/wp\/v2\/pages\/3811"}],"collection":[{"href":"http:\/\/www.partitura.fss.ukf.sk\/index.php?rest_route=\/wp\/v2\/pages"}],"about":[{"href":"http:\/\/www.partitura.fss.ukf.sk\/index.php?rest_route=\/wp\/v2\/types\/page"}],"author":[{"embeddable":true,"href":"http:\/\/www.partitura.fss.ukf.sk\/index.php?rest_route=\/wp\/v2\/users\/5"}],"replies":[{"embeddable":true,"href":"http:\/\/www.partitura.fss.ukf.sk\/index.php?rest_route=%2Fwp%2Fv2%2Fcomments&post=3811"}],"version-history":[{"count":1,"href":"http:\/\/www.partitura.fss.ukf.sk\/index.php?rest_route=\/wp\/v2\/pages\/3811\/revisions"}],"predecessor-version":[{"id":3821,"href":"http:\/\/www.partitura.fss.ukf.sk\/index.php?rest_route=\/wp\/v2\/pages\/3811\/revisions\/3821"}],"wp:attachment":[{"href":"http:\/\/www.partitura.fss.ukf.sk\/index.php?rest_route=%2Fwp%2Fv2%2Fmedia&parent=3811"}],"curies":[{"name":"wp","href":"https:\/\/api.w.org\/{rel}","templated":true}]}}