{"id":3812,"date":"2024-03-14T08:28:56","date_gmt":"2024-03-14T08:28:56","guid":{"rendered":"http:\/\/www.partitura.fss.ukf.sk\/?page_id=3812"},"modified":"2024-03-14T08:28:56","modified_gmt":"2024-03-14T08:28:56","slug":"a-felejtes-vizualis-reprezentacioi-christos-nikou-almak-2020-cimu-filmjeben","status":"publish","type":"page","link":"http:\/\/www.partitura.fss.ukf.sk\/?page_id=3812","title":{"rendered":"A felejt\u00e9s vizu\u00e1lis reprezent\u00e1ci\u00f3i Christos Nikou: Alm\u00e1k (2020) c\u00edm\u0171 filmj\u00e9ben"},"content":{"rendered":"<h3>Moln\u00e1r Csilla<\/h3>\n<p><strong><span style=\"color: #666666;\">IN:\u00a0<\/span><\/strong><span style=\"color: #666666;\">Partit\u00fara Irodalomtudom\u00e1nyi foly\u00f3irat, \u00c9vfolyam XVIII. , Sz\u00e1m 2, 2023, 103-112. oldal ,\u00a0ISSN 1336-7307<\/span><\/p>\n<p><strong>DOI:\u00a0<\/strong>10.17846\/PA.2023.18.2.103-112<\/p>\n<p><strong>Absztrakt:<\/strong><\/p>\n<blockquote><p>\u00cdr\u00e1somban az&nbsp;Alm\u00e1k (Mila) c\u00edm\u0171, 2020-ban k\u00e9sz\u00fclt g\u00f6r\u00f6g j\u00e1t\u00e9kfilmet igyekszem \u00e9rtelmezni. A&nbsp;benne megjelen\u0151 szerepl\u0151k k\u00f6z\u00f6s von\u00e1sa, hogy traumatikuss\u00e1 v\u00e1lt m\u00faltjuk el\u0151l a&nbsp;felejt\u00e9ssel pr\u00f3b\u00e1lnak menek\u00fclni. Eset\u00fckben ez&nbsp;nem valamilyen fokozatos k\u00fczdelem, hanem hirtelen \u00e1tzuhan\u00e1s a&nbsp;teljes amn\u00e9zi\u00e1ba. Ez&nbsp;az \u00e1llapot \u00fagy jelenik meg a&nbsp;t\u00f6rt\u00e9net kezdet\u00e9n, mint ami j\u00e1rv\u00e1nyszer\u0171en r\u00e1t\u00f6r a&nbsp;jellemz\u0151en negyvenes \u00e9veikben j\u00e1r\u00f3 n\u0151kre \u00e9s&nbsp;f\u00e9rfiakra, akik ennek mintegy szenved\u0151 \u00e1ldozataiv\u00e1 v\u00e1lnak. A&nbsp;f\u0151szerepl\u0151 f\u00e9rfi \u00e9s&nbsp;n\u0151 sors\u00e1n kereszt\u00fcl l\u00e1tjuk, amint terapeut\u00e1k pr\u00f3b\u00e1lj\u00e1k \u00faj identit\u00e1ssal felruh\u00e1zni \u0151ket, azonos instrukci\u00f3kat adva ennek fel\u00e9p\u00edt\u00e9s\u00e9re.<\/p><\/blockquote>\n<p><a href=\"http:\/\/www.partitura.fss.ukf.sk\/wp-content\/uploads\/2024\/03\/Partitura-2023-2-103-112.pdf\"><strong>Teljes sz\u00f6veg<\/strong><\/a><\/p>\n","protected":false},"excerpt":{"rendered":"<p>Moln\u00e1r Csilla IN:\u00a0Partit\u00fara Irodalomtudom\u00e1nyi foly\u00f3irat, \u00c9vfolyam XVIII. , Sz\u00e1m 2, 2023, 103-112. oldal ,\u00a0ISSN 1336-7307 [&hellip;]<\/p>\n","protected":false},"author":5,"featured_media":0,"parent":0,"menu_order":0,"comment_status":"closed","ping_status":"closed","template":"","meta":[],"_links":{"self":[{"href":"http:\/\/www.partitura.fss.ukf.sk\/index.php?rest_route=\/wp\/v2\/pages\/3812"}],"collection":[{"href":"http:\/\/www.partitura.fss.ukf.sk\/index.php?rest_route=\/wp\/v2\/pages"}],"about":[{"href":"http:\/\/www.partitura.fss.ukf.sk\/index.php?rest_route=\/wp\/v2\/types\/page"}],"author":[{"embeddable":true,"href":"http:\/\/www.partitura.fss.ukf.sk\/index.php?rest_route=\/wp\/v2\/users\/5"}],"replies":[{"embeddable":true,"href":"http:\/\/www.partitura.fss.ukf.sk\/index.php?rest_route=%2Fwp%2Fv2%2Fcomments&post=3812"}],"version-history":[{"count":1,"href":"http:\/\/www.partitura.fss.ukf.sk\/index.php?rest_route=\/wp\/v2\/pages\/3812\/revisions"}],"predecessor-version":[{"id":3822,"href":"http:\/\/www.partitura.fss.ukf.sk\/index.php?rest_route=\/wp\/v2\/pages\/3812\/revisions\/3822"}],"wp:attachment":[{"href":"http:\/\/www.partitura.fss.ukf.sk\/index.php?rest_route=%2Fwp%2Fv2%2Fmedia&parent=3812"}],"curies":[{"name":"wp","href":"https:\/\/api.w.org\/{rel}","templated":true}]}}