{"id":3861,"date":"2025-01-23T10:39:14","date_gmt":"2025-01-23T10:39:14","guid":{"rendered":"http:\/\/www.partitura.fss.ukf.sk\/?page_id=3861"},"modified":"2025-01-23T11:09:30","modified_gmt":"2025-01-23T11:09:30","slug":"designer-divat-a-bibliaban","status":"publish","type":"page","link":"http:\/\/www.partitura.fss.ukf.sk\/?page_id=3861","title":{"rendered":"Designer divat a&nbsp;Bibli\u00e1ban"},"content":{"rendered":"<h3>Nagy Fruzsina<\/h3>\n<p><strong><span style=\"color: #666666;\">IN:\u00a0<\/span><\/strong><span style=\"color: #666666;\">Partit\u00fara Irodalomtudom\u00e1nyi foly\u00f3irat, \u00c9vfolyam XIX. , Sz\u00e1m 1, 2024, 3-20. oldal ,\u00a0ISSN 1336-7307<\/span><\/p>\n<p><strong>DOI:\u00a0<\/strong>10.17846\/PA.2024.19.1.3-20<\/p>\n<p><strong>Absztrakt:<\/strong><\/p>\n<blockquote><p>A&nbsp;tanulm\u00e1ny a&nbsp;Biblia egyik k\u00fcl\u00f6nleges, egyedi tervez\u00e9s\u0171 viselet\u00e9nek \u00e9rtelmez\u00e9s\u00e9re v\u00e1llalkozik Thomas Mann J\u00f3zsef \u00e9s&nbsp;testv\u00e9rei c\u00edm\u0171 m\u0171v\u00e9ben. A&nbsp;J\u00e1kob \u00e1ltal J\u00f3zsefnek adom\u00e1nyozott k\u00fcl\u00f6nleges k\u00f6nt\u00f6s a&nbsp;reg\u00e9ny egyik k\u00f6zponti mot\u00edvuma, amely k\u00fcl\u00f6nb\u00f6z\u0151 implicit \u00e9s&nbsp;explicit utal\u00e1sokkal \u00fajra \u00e9s&nbsp;\u00fajra felbukkan a&nbsp;f\u0151szerepl\u0151k (transz)gener\u00e1ci\u00f3san ism\u00e9tl\u0151d\u0151 sorsfordulatain\u00e1l. A&nbsp;k\u00f6nt\u00f6s hol tarka ruhak\u00e9nt, hol f\u00e1tyolk\u00e9nt, hol a&nbsp;h\u00e9ber (latinos \u00e1tiratak\u00e9nt) ketonet passimk\u00e9nt konceptualiz\u00e1l\u00f3dik a&nbsp;m\u0171ben. A&nbsp;ketonet passimk\u00e9nt megnevezett ruhadarab hol ikon, hol index, hol szimb\u00f3lum szerepet t\u00f6lt be a&nbsp;reg\u00e9nyben, amelyet a&nbsp;jelhaszn\u00e1l\u00f3k folytonos meghat\u00e1roz\u00e1si \u00e9s&nbsp;megk\u00fcl\u00f6nb\u00f6ztet\u00e9si sz\u00e1nd\u00e9ka er\u0151sen befoly\u00e1sol. Nevezhetj\u00fck a&nbsp;tarka ruh\u00e1t ak\u00e1r<nobr>&nbsp;\u2013&nbsp;<\/nobr>a&nbsp;zsid\u00f3 els\u0151sz\u00fcl\u00f6tts\u00e9gi jog szimbolikus \u00e1br\u00e1zol\u00e1sa mellett<nobr>&nbsp;\u2013&nbsp;<\/nobr>a&nbsp;divatt\u00f6rt\u00e9net egyik magasm\u0171v\u00e9szeti p\u00e9ld\u00e1j\u00e1nak is? Hogyan t\u00f6lti be a&nbsp;funkci\u00f3j\u00e1t m\u0171t\u00e1rgyk\u00e9nt \u00e9s&nbsp;zsin\u00f3rm\u00e9rt\u00e9kk\u00e9nt J\u00f3zsef \u00e9let\u00e9ben? A tanulm\u00e1ny a&nbsp;k\u00f6nt\u00f6s \u00e9s&nbsp;a&nbsp;ruh\u00e1t visel\u0151 (vagy \u00e9ppen ett\u0151l a&nbsp;lehet\u0151s\u00e9gt\u0151l megfosztott) szerepl\u0151k k\u00f6z\u00f6tti \u201einterakci\u00f3kkal\u201d foglalkozik, hogy mik\u00e9ppen tulajdon\u00edtanak jelent\u00e9seket neki, \u00e9s&nbsp;ennek megfelel\u0151en hogyan l\u00e9pnek kapcsolatba vele.<\/p><\/blockquote>\n<p><a href=\"\/wp-content\/uploads\/2025\/01\/Partitura-2024-01-003-020.pdf\"><strong>Teljes sz\u00f6veg<\/strong><\/a><\/p>\n","protected":false},"excerpt":{"rendered":"<p>Nagy Fruzsina IN:\u00a0Partit\u00fara Irodalomtudom\u00e1nyi foly\u00f3irat, \u00c9vfolyam XIX. , Sz\u00e1m 1, 2024, 3-20. oldal ,\u00a0ISSN 1336-7307 [&hellip;]<\/p>\n","protected":false},"author":5,"featured_media":0,"parent":0,"menu_order":0,"comment_status":"closed","ping_status":"closed","template":"","meta":[],"_links":{"self":[{"href":"http:\/\/www.partitura.fss.ukf.sk\/index.php?rest_route=\/wp\/v2\/pages\/3861"}],"collection":[{"href":"http:\/\/www.partitura.fss.ukf.sk\/index.php?rest_route=\/wp\/v2\/pages"}],"about":[{"href":"http:\/\/www.partitura.fss.ukf.sk\/index.php?rest_route=\/wp\/v2\/types\/page"}],"author":[{"embeddable":true,"href":"http:\/\/www.partitura.fss.ukf.sk\/index.php?rest_route=\/wp\/v2\/users\/5"}],"replies":[{"embeddable":true,"href":"http:\/\/www.partitura.fss.ukf.sk\/index.php?rest_route=%2Fwp%2Fv2%2Fcomments&post=3861"}],"version-history":[{"count":3,"href":"http:\/\/www.partitura.fss.ukf.sk\/index.php?rest_route=\/wp\/v2\/pages\/3861\/revisions"}],"predecessor-version":[{"id":3866,"href":"http:\/\/www.partitura.fss.ukf.sk\/index.php?rest_route=\/wp\/v2\/pages\/3861\/revisions\/3866"}],"wp:attachment":[{"href":"http:\/\/www.partitura.fss.ukf.sk\/index.php?rest_route=%2Fwp%2Fv2%2Fmedia&parent=3861"}],"curies":[{"name":"wp","href":"https:\/\/api.w.org\/{rel}","templated":true}]}}