{"id":3870,"date":"2025-01-23T10:49:22","date_gmt":"2025-01-23T10:49:22","guid":{"rendered":"http:\/\/www.partitura.fss.ukf.sk\/?page_id=3870"},"modified":"2025-01-23T13:50:37","modified_gmt":"2025-01-23T13:50:37","slug":"az-intermedialitas-fogalmi-megkozelitesei-a-muveszettortenetben-es-a-szemiotikaban","status":"publish","type":"page","link":"http:\/\/www.partitura.fss.ukf.sk\/?page_id=3870","title":{"rendered":"Az&nbsp;intermedialit\u00e1s fogalmi megk\u00f6zel\u00edt\u00e9sei a&nbsp;m\u0171v\u00e9szett\u00f6rt\u00e9netben \u00e9s&nbsp;a&nbsp;szemiotik\u00e1ban"},"content":{"rendered":"<h3>Boros Lili<\/h3>\n<p><strong><span style=\"color: #666666;\">IN:\u00a0<\/span><\/strong><span style=\"color: #666666;\">Partit\u00fara Irodalomtudom\u00e1nyi foly\u00f3irat, \u00c9vfolyam XIX. , Sz\u00e1m 1, 2024, 21-28. oldal ,\u00a0ISSN 1336-7307<\/span><\/p>\n<p><strong>DOI:\u00a0<\/strong>10.17846\/PA.2024.19.1.21-28<\/p>\n<p><strong>Absztrakt:<\/strong><\/p>\n<blockquote><p>Az&nbsp;intermedialit\u00e1s m\u0171v\u00e9szett\u00f6rt\u00e9neti fogalomhaszn\u00e1lata szorosan \u00f6sszekapcsol\u00f3dott a&nbsp;k\u00e9pz\u0151m\u0171v\u00e9szetben a&nbsp;hatvanas \u00e9vekben egyre er\u0151teljesebb\u00e9 v\u00e1l\u00f3 kiterjesztett m\u00e9diumhaszn\u00e1lattal, a&nbsp;medi\u00e1lis hat\u00e1rok kit\u00e1g\u00edt\u00e1s\u00e1val. Ez&nbsp;gyakorta egy\u00fctt j\u00e1rt a&nbsp;m\u00e9diumok alkalmazhat\u00f3s\u00e1g\u00e1nak, m\u0171k\u00f6d\u00e9s\u00e9nek<nobr>&nbsp;\u2013&nbsp;<\/nobr>a&nbsp;m\u0171 \u00e1ltali<nobr>&nbsp;\u2013&nbsp;<\/nobr>vizsg\u00e1lat\u00e1val. Dolgozatomban m\u0171v\u00e9szett\u00f6rt\u00e9neti \u00e9s&nbsp;szemiotikai m\u00f3dszertan \u00f6sszefon\u00f3d\u00e1s\u00e1t, a&nbsp;k\u00e9pz\u0151m\u0171v\u00e9szeti jelhaszn\u00e1lat v\u00e1ltoz\u00e1s\u00e1t vizsg\u00e1lom annak \u00e9rdek\u00e9ben, hogy az&nbsp;intermedialit\u00e1s fogalmi hat\u00e1rait felv\u00e1zoljam. Meg\u00e1llap\u00edtom, hogy a&nbsp;szemiotika az&nbsp;ikon-index-szimb\u00f3lum fel\u0151li jelfeloszt\u00e1s, a&nbsp;jelt\u00edpusok k\u00f6z\u00f6tti \u00e1tmenet \u00e9s&nbsp;v\u00e1lt\u00e1s (pl. de- vagy reikoniciz\u00e1l\u00f3d\u00e1s) alkalmas a&nbsp;m\u0171v\u00e9szett\u00f6rt\u00e9net jelens\u00e9geinek \u00e9s&nbsp;m\u00f3dszereinek \u00e9rtelmez\u00e9s\u00e9re.<\/p><\/blockquote>\n<p><a href=\"\/wp-content\/uploads\/2025\/01\/Partitura-2024-01-021-028.pdf\"><strong>Teljes sz\u00f6veg<\/strong><\/a><\/p>\n","protected":false},"excerpt":{"rendered":"<p>Boros Lili IN:\u00a0Partit\u00fara Irodalomtudom\u00e1nyi foly\u00f3irat, \u00c9vfolyam XIX. , Sz\u00e1m 1, 2024, 21-28. oldal ,\u00a0ISSN 1336-7307 [&hellip;]<\/p>\n","protected":false},"author":5,"featured_media":0,"parent":0,"menu_order":0,"comment_status":"closed","ping_status":"closed","template":"","meta":[],"_links":{"self":[{"href":"http:\/\/www.partitura.fss.ukf.sk\/index.php?rest_route=\/wp\/v2\/pages\/3870"}],"collection":[{"href":"http:\/\/www.partitura.fss.ukf.sk\/index.php?rest_route=\/wp\/v2\/pages"}],"about":[{"href":"http:\/\/www.partitura.fss.ukf.sk\/index.php?rest_route=\/wp\/v2\/types\/page"}],"author":[{"embeddable":true,"href":"http:\/\/www.partitura.fss.ukf.sk\/index.php?rest_route=\/wp\/v2\/users\/5"}],"replies":[{"embeddable":true,"href":"http:\/\/www.partitura.fss.ukf.sk\/index.php?rest_route=%2Fwp%2Fv2%2Fcomments&post=3870"}],"version-history":[{"count":3,"href":"http:\/\/www.partitura.fss.ukf.sk\/index.php?rest_route=\/wp\/v2\/pages\/3870\/revisions"}],"predecessor-version":[{"id":3873,"href":"http:\/\/www.partitura.fss.ukf.sk\/index.php?rest_route=\/wp\/v2\/pages\/3870\/revisions\/3873"}],"wp:attachment":[{"href":"http:\/\/www.partitura.fss.ukf.sk\/index.php?rest_route=%2Fwp%2Fv2%2Fmedia&parent=3870"}],"curies":[{"name":"wp","href":"https:\/\/api.w.org\/{rel}","templated":true}]}}