{"id":3872,"date":"2025-01-23T10:52:46","date_gmt":"2025-01-23T10:52:46","guid":{"rendered":"http:\/\/www.partitura.fss.ukf.sk\/?page_id=3872"},"modified":"2025-01-23T11:09:43","modified_gmt":"2025-01-23T11:09:43","slug":"kep-es-szoveg-kolcsonhatasok-a-gracia-figurak-intermedialis-es-interikonikus-kapcsolatai","status":"publish","type":"page","link":"http:\/\/www.partitura.fss.ukf.sk\/?page_id=3872","title":{"rendered":"K\u00e9p \u00e9s&nbsp;sz\u00f6veg k\u00f6lcs\u00f6nhat\u00e1sok: a&nbsp;Gr\u00e1cia-figur\u00e1k intermedi\u00e1lis \u00e9s&nbsp;interikonikus kapcsolatai"},"content":{"rendered":"<h3>\u00dajv\u00e1ri Edit<\/h3>\n<p><strong><span style=\"color: #666666;\">IN:\u00a0<\/span><\/strong><span style=\"color: #666666;\">Partit\u00fara Irodalomtudom\u00e1nyi foly\u00f3irat, \u00c9vfolyam XIX. , Sz\u00e1m 1, 2024, 29-40. oldal ,\u00a0ISSN 1336-7307<\/span><\/p>\n<p><strong>DOI:\u00a0<\/strong>10.17846\/PA.2024.19.1.29-40<\/p>\n<p><strong>Absztrakt:<\/strong><\/p>\n<blockquote><p>A&nbsp;tanulm\u00e1ny a&nbsp;g\u00f6r\u00f6g\u2013r\u00f3mai mitol\u00f3gia Gr\u00e1cia-figur\u00e1it, allegorikus \u00e9rtelmez\u00e9seiket helyezi a&nbsp;k\u00f6zpontba. Az&nbsp;\u00f3kori \u00e9s&nbsp;kora \u00fajkori, Gr\u00e1ci\u00e1kra vonatkoz\u00f3 sz\u00f6veges \u00e9s&nbsp;k\u00e9pi hagyom\u00e1ny elemz\u00e9se sz\u00e1mos intermedi\u00e1lis kapcsolatra vil\u00e1g\u00edt r\u00e1. Botticelli mitol\u00f3giai t\u00e9m\u00e1j\u00fa m\u0171vei, az&nbsp;\u00e1ltala megfestett, ikonogr\u00e1fiai \u00e9s&nbsp;sz\u00f6veghagyom\u00e1nyba illeszked\u0151 Gr\u00e1ci\u00e1k k\u00fcl\u00f6n\u00f6sen j\u00f3l p\u00e9ld\u00e1zz\u00e1k m\u00e9diumv\u00e1lt\u00e1s jelens\u00e9g\u00e9t, az&nbsp;elt\u00e9r\u0151 jelviszonyok m\u0171k\u00f6d\u00e9si k\u00fcl\u00f6nbs\u00e9geit, ugyanakkor kapcsol\u00f3d\u00e1si pontjait is.<\/p><\/blockquote>\n<p><a href=\"\/wp-content\/uploads\/2025\/01\/Partitura-2024-01-029-040.pdf\"><strong>Teljes sz\u00f6veg<\/strong><\/a><\/p>\n","protected":false},"excerpt":{"rendered":"<p>\u00dajv\u00e1ri Edit IN:\u00a0Partit\u00fara Irodalomtudom\u00e1nyi foly\u00f3irat, \u00c9vfolyam XIX. , Sz\u00e1m 1, 2024, 29-40. oldal ,\u00a0ISSN 1336-7307 [&hellip;]<\/p>\n","protected":false},"author":5,"featured_media":0,"parent":0,"menu_order":0,"comment_status":"closed","ping_status":"closed","template":"","meta":[],"_links":{"self":[{"href":"http:\/\/www.partitura.fss.ukf.sk\/index.php?rest_route=\/wp\/v2\/pages\/3872"}],"collection":[{"href":"http:\/\/www.partitura.fss.ukf.sk\/index.php?rest_route=\/wp\/v2\/pages"}],"about":[{"href":"http:\/\/www.partitura.fss.ukf.sk\/index.php?rest_route=\/wp\/v2\/types\/page"}],"author":[{"embeddable":true,"href":"http:\/\/www.partitura.fss.ukf.sk\/index.php?rest_route=\/wp\/v2\/users\/5"}],"replies":[{"embeddable":true,"href":"http:\/\/www.partitura.fss.ukf.sk\/index.php?rest_route=%2Fwp%2Fv2%2Fcomments&post=3872"}],"version-history":[{"count":3,"href":"http:\/\/www.partitura.fss.ukf.sk\/index.php?rest_route=\/wp\/v2\/pages\/3872\/revisions"}],"predecessor-version":[{"id":3876,"href":"http:\/\/www.partitura.fss.ukf.sk\/index.php?rest_route=\/wp\/v2\/pages\/3872\/revisions\/3876"}],"wp:attachment":[{"href":"http:\/\/www.partitura.fss.ukf.sk\/index.php?rest_route=%2Fwp%2Fv2%2Fmedia&parent=3872"}],"curies":[{"name":"wp","href":"https:\/\/api.w.org\/{rel}","templated":true}]}}