{"id":3875,"date":"2025-01-23T10:54:38","date_gmt":"2025-01-23T10:54:38","guid":{"rendered":"http:\/\/www.partitura.fss.ukf.sk\/?page_id=3875"},"modified":"2025-01-23T11:14:42","modified_gmt":"2025-01-23T11:14:42","slug":"az-illusztralt-mu-es-illusztraciojanak-szemiotikai-vizsgalata","status":"publish","type":"page","link":"http:\/\/www.partitura.fss.ukf.sk\/?page_id=3875","title":{"rendered":"Az&nbsp;illusztr\u00e1lt m\u0171 \u00e9s&nbsp;illusztr\u00e1ci\u00f3j\u00e1nak szemiotikai vizsg\u00e1lata"},"content":{"rendered":"<h3>Varga Em\u0151ke<\/h3>\n<p><strong><span style=\"color: #666666;\">IN:\u00a0<\/span><\/strong><span style=\"color: #666666;\">Partit\u00fara Irodalomtudom\u00e1nyi foly\u00f3irat, \u00c9vfolyam XIX. , Sz\u00e1m 1, 2024, 41-52. oldal ,\u00a0ISSN 1336-7307<\/span><\/p>\n<p><strong>DOI:\u00a0<\/strong>10.17846\/PA.2024.19.1.41-52<\/p>\n<p><strong>Absztrakt:<\/strong><\/p>\n<blockquote><p>A&nbsp;tanulm\u00e1ny els\u0151 r\u00e9sze egyr\u00e9szr\u0151l ismerteti Kib\u00e9di Varga \u00c1ron illusztr\u00e1ci\u00f3szemiotikai tanulm\u00e1ny\u00e1nak koncepci\u00f3j\u00e1t, mely a&nbsp;morrisi szemiotika alapvet\u00e9seib\u0151l kiindulva, morfol\u00f3giai, szintaktikai \u00e9s&nbsp;szemantikai jelent\u00e9shordoz\u00f3k szintjeit elk\u00fcl\u00f6n\u00edtve \u00e9rtelmezi A kis herceg sz\u00f6veg\u00e9nek \u00e9s&nbsp;illusztr\u00e1ci\u00f3sorozatainak jelviszonyait, m\u00e1sr\u00e9szr\u0151l e&nbsp;koncepci\u00f3t a&nbsp;rendszeres szemiotika perspekt\u00edv\u00e1j\u00e1ba \u00e1ll\u00edtva mutat r\u00e1 az&nbsp;elm\u00e9let n\u00e9h\u00e1ny k\u00e9rd\u00e9ses pontj\u00e1ra. A&nbsp;m\u00e1sodik r\u00e9szben Sz\u00edv\u00f3s Mih\u00e1ly A jelt\u0151l a&nbsp;k\u00f3dig c\u00edm\u0171 k\u00f6tet\u00e9nek fogalom- \u00e9s&nbsp;szeml\u00e9letrendszer\u00e9re alapozva tesz k\u00eds\u00e9rletet az&nbsp;illusztr\u00e1lt m\u0171 \u00e9s&nbsp;illusztr\u00e1ci\u00f3ja mint k\u00e9t, egym\u00e1ssal jelviszonyban \u00e1ll\u00f3 m\u00e9dium szemiotikai dimenzi\u00f3inak le\u00edr\u00e1s\u00e1ra.<\/p><\/blockquote>\n<p><a href=\"\/wp-content\/uploads\/2025\/01\/Partitura-2024-01-041-052.pdf\"><strong>Teljes sz\u00f6veg<\/strong><\/a><\/p>\n","protected":false},"excerpt":{"rendered":"<p>Varga Em\u0151ke IN:\u00a0Partit\u00fara Irodalomtudom\u00e1nyi foly\u00f3irat, \u00c9vfolyam XIX. , Sz\u00e1m 1, 2024, 41-52. oldal ,\u00a0ISSN 1336-7307 [&hellip;]<\/p>\n","protected":false},"author":5,"featured_media":0,"parent":0,"menu_order":0,"comment_status":"closed","ping_status":"closed","template":"","meta":[],"_links":{"self":[{"href":"http:\/\/www.partitura.fss.ukf.sk\/index.php?rest_route=\/wp\/v2\/pages\/3875"}],"collection":[{"href":"http:\/\/www.partitura.fss.ukf.sk\/index.php?rest_route=\/wp\/v2\/pages"}],"about":[{"href":"http:\/\/www.partitura.fss.ukf.sk\/index.php?rest_route=\/wp\/v2\/types\/page"}],"author":[{"embeddable":true,"href":"http:\/\/www.partitura.fss.ukf.sk\/index.php?rest_route=\/wp\/v2\/users\/5"}],"replies":[{"embeddable":true,"href":"http:\/\/www.partitura.fss.ukf.sk\/index.php?rest_route=%2Fwp%2Fv2%2Fcomments&post=3875"}],"version-history":[{"count":5,"href":"http:\/\/www.partitura.fss.ukf.sk\/index.php?rest_route=\/wp\/v2\/pages\/3875\/revisions"}],"predecessor-version":[{"id":3879,"href":"http:\/\/www.partitura.fss.ukf.sk\/index.php?rest_route=\/wp\/v2\/pages\/3875\/revisions\/3879"}],"wp:attachment":[{"href":"http:\/\/www.partitura.fss.ukf.sk\/index.php?rest_route=%2Fwp%2Fv2%2Fmedia&parent=3875"}],"curies":[{"name":"wp","href":"https:\/\/api.w.org\/{rel}","templated":true}]}}