{"id":3881,"date":"2025-01-23T10:59:53","date_gmt":"2025-01-23T10:59:53","guid":{"rendered":"http:\/\/www.partitura.fss.ukf.sk\/?page_id=3881"},"modified":"2025-01-23T11:10:05","modified_gmt":"2025-01-23T11:10:05","slug":"tudas-elsajatitas-a-verbalitas-es-vizualitas-jegyeben","status":"publish","type":"page","link":"http:\/\/www.partitura.fss.ukf.sk\/?page_id=3881","title":{"rendered":"Tud\u00e1s elsaj\u00e1t\u00edt\u00e1s a&nbsp;verbalit\u00e1s \u00e9s&nbsp;vizualit\u00e1s jegy\u00e9ben"},"content":{"rendered":"<h3>Gr\u00e1fik Imre<\/h3>\n<p><strong><span style=\"color: #666666;\">IN:\u00a0<\/span><\/strong><span style=\"color: #666666;\">Partit\u00fara Irodalomtudom\u00e1nyi foly\u00f3irat, \u00c9vfolyam XIX. , Sz\u00e1m 1, 2024, 63-84. oldal ,\u00a0ISSN 1336-7307<\/span><\/p>\n<p><strong>DOI:\u00a0<\/strong>10.17846\/PA.2024.19.1.63-84<\/p>\n<p><strong>Absztrakt:<\/strong><\/p>\n<blockquote><p>A&nbsp;szerz\u0151 kiv\u00e9teles forr\u00e1sok seg\u00edts\u00e9g\u00e9vel igyekszik f\u00f6lt\u00e1rni azokat az&nbsp;elj\u00e1r\u00e1sokat, megold\u00e1sokat, amelyek f\u00f6lhaszn\u00e1l\u00e1s\u00e1val, alkalmaz\u00e1s\u00e1val a&nbsp;c\u00e9hes mesters\u00e9gek k\u00f6r\u00e9ben elsaj\u00e1t\u00edthat\u00f3, megtanulhat\u00f3 volt a&nbsp;szab\u00f3mesters\u00e9g. A&nbsp;hazai c\u00e9hes korszak idej\u00e9n a&nbsp;k\u00e9zm\u0171ves tev\u00e9kenys\u00e9gek egyik elterjedt mesters\u00e9ge volt a&nbsp;szab\u00f3s\u00e1g, a&nbsp;szab\u00f3k c\u00e9hei a&nbsp;nagy hagyom\u00e1ny\u00fa \u00e9s&nbsp;n\u00e9pes c\u00e9hek k\u00f6z\u00e9 tartoztak. A&nbsp;tanulm\u00e1ny kiz\u00e1r\u00f3lag a&nbsp;magyarorsz\u00e1gi c\u00e9hes szab\u00f3k mintak\u00f6nyveinek elemz\u00e9s\u00e9vel k\u00eds\u00e9rli meg bemutatni a&nbsp;mesters\u00e9gbeli tud\u00e1s ismeret\u00e1tad\u00e1si gyakorlat\u00e1t. T\u00e1rgyalja \u00e9s&nbsp;elemezi az&nbsp;alkalmazott inform\u00e1ci\u00f3s \u00e9s&nbsp;kommunik\u00e1ci\u00f3s elj\u00e1r\u00e1sokat, k\u00fcl\u00f6n\u00f6s tekintettel a&nbsp;verbalit\u00e1s \u00e9s&nbsp;vizualit\u00e1s \u00e1tj\u00e1rhat\u00f3s\u00e1gok (jel)elm\u00e9leti olvasat\u00e1nak f\u00f6lt\u00e1r\u00e1s\u00e1val.<\/p><\/blockquote>\n<p><a href=\"\/wp-content\/uploads\/2025\/01\/Partitura-2024-01-063-084.pdf\"><strong>Teljes sz\u00f6veg<\/strong><\/a><\/p>\n","protected":false},"excerpt":{"rendered":"<p>Gr\u00e1fik Imre IN:\u00a0Partit\u00fara Irodalomtudom\u00e1nyi foly\u00f3irat, \u00c9vfolyam XIX. , Sz\u00e1m 1, 2024, 63-84. oldal ,\u00a0ISSN 1336-7307 [&hellip;]<\/p>\n","protected":false},"author":5,"featured_media":0,"parent":0,"menu_order":0,"comment_status":"closed","ping_status":"closed","template":"","meta":[],"_links":{"self":[{"href":"http:\/\/www.partitura.fss.ukf.sk\/index.php?rest_route=\/wp\/v2\/pages\/3881"}],"collection":[{"href":"http:\/\/www.partitura.fss.ukf.sk\/index.php?rest_route=\/wp\/v2\/pages"}],"about":[{"href":"http:\/\/www.partitura.fss.ukf.sk\/index.php?rest_route=\/wp\/v2\/types\/page"}],"author":[{"embeddable":true,"href":"http:\/\/www.partitura.fss.ukf.sk\/index.php?rest_route=\/wp\/v2\/users\/5"}],"replies":[{"embeddable":true,"href":"http:\/\/www.partitura.fss.ukf.sk\/index.php?rest_route=%2Fwp%2Fv2%2Fcomments&post=3881"}],"version-history":[{"count":3,"href":"http:\/\/www.partitura.fss.ukf.sk\/index.php?rest_route=\/wp\/v2\/pages\/3881\/revisions"}],"predecessor-version":[{"id":3883,"href":"http:\/\/www.partitura.fss.ukf.sk\/index.php?rest_route=\/wp\/v2\/pages\/3881\/revisions\/3883"}],"wp:attachment":[{"href":"http:\/\/www.partitura.fss.ukf.sk\/index.php?rest_route=%2Fwp%2Fv2%2Fmedia&parent=3881"}],"curies":[{"name":"wp","href":"https:\/\/api.w.org\/{rel}","templated":true}]}}