{"id":3919,"date":"2025-01-23T12:38:33","date_gmt":"2025-01-23T12:38:33","guid":{"rendered":"http:\/\/www.partitura.fss.ukf.sk\/?page_id=3919"},"modified":"2025-01-23T17:47:47","modified_gmt":"2025-01-23T17:47:47","slug":"designer-fashion-in-the-bible","status":"publish","type":"page","link":"http:\/\/www.partitura.fss.ukf.sk\/?page_id=3919","title":{"rendered":"Designer divat a&nbsp;Bibli\u00e1ban"},"content":{"rendered":"<h3>Fruzsina Nagy<\/h3>\n<p><strong><span style=\"color: #666666;\">IN:\u00a0<\/span><\/strong><span style=\"color: #666666;\">Partit\u00fara Irodalomtudom\u00e1nyi foly\u00f3irat, Volume XIX.\u00a0, Issue 1, 2024, page 3-20 ,\u00a0ISSN 1336-7307<\/span><\/p>\n<p><strong>DOI:\u00a0<\/strong>10.17846\/PA.2024.19.1.3-20<\/p>\n<p><strong>Abstract:<\/strong><\/p>\n<blockquote><p>Joseph\u2019s story in the Bible is a \u201cwell-constructed literary work in its own right\u201d, which has become a reference point for several texts and works of art. Thomas Mann\u2019s great novel stands out among the representations, which undoubtedly has one of the most complex portrayals of Joseph\u2019s character in literature. One of the most significant motifs shared by the biblical story and the novel is the description of the decorative coat given to Joseph by Jacob. In both texts, the \u201ccoat of many colors\u201d evokes strong emotional and symbolic meanings in the family network of relationships, in which both aesthetics and the rules of clothing have prominent roles. The Hebrew expression used for garment \u2013 ketonet passim \u2013 makes it absolutely clear that Israel\u2019s gift is a uniquely designed, elegant piece of clothing whose aesthetic appearance, beyond its use as a tool, is at least as important as following the moral norms that the wearing of the garment entails. Could we even call the multicolored coat \u2013 in addition to the symbolic representation of Jewish birthright \u2013 an example of high art in fashion history? The paper is concerned with the \u201cinteractions\u201d between the coat an the characters who wear it (or who are deprived of this possibility), how they assign meanings to it and how they interact with it accordingly.<\/p><\/blockquote>\n<p><a href=\"\/wp-content\/uploads\/2025\/01\/Partitura-2024-01-003-020.pdf\"><strong>Whole article<\/strong><\/a><\/p>\n","protected":false},"excerpt":{"rendered":"<p>Fruzsina Nagy IN:\u00a0Partit\u00fara Irodalomtudom\u00e1nyi foly\u00f3irat, Volume XIX.\u00a0, Issue 1, 2024, page 3-20 ,\u00a0ISSN 1336-7307 DOI:\u00a010.17846\/PA.2024.19.1.3-20 [&hellip;]<\/p>\n","protected":false},"author":5,"featured_media":0,"parent":0,"menu_order":0,"comment_status":"closed","ping_status":"closed","template":"","meta":[],"_links":{"self":[{"href":"http:\/\/www.partitura.fss.ukf.sk\/index.php?rest_route=\/wp\/v2\/pages\/3919"}],"collection":[{"href":"http:\/\/www.partitura.fss.ukf.sk\/index.php?rest_route=\/wp\/v2\/pages"}],"about":[{"href":"http:\/\/www.partitura.fss.ukf.sk\/index.php?rest_route=\/wp\/v2\/types\/page"}],"author":[{"embeddable":true,"href":"http:\/\/www.partitura.fss.ukf.sk\/index.php?rest_route=\/wp\/v2\/users\/5"}],"replies":[{"embeddable":true,"href":"http:\/\/www.partitura.fss.ukf.sk\/index.php?rest_route=%2Fwp%2Fv2%2Fcomments&post=3919"}],"version-history":[{"count":2,"href":"http:\/\/www.partitura.fss.ukf.sk\/index.php?rest_route=\/wp\/v2\/pages\/3919\/revisions"}],"predecessor-version":[{"id":4065,"href":"http:\/\/www.partitura.fss.ukf.sk\/index.php?rest_route=\/wp\/v2\/pages\/3919\/revisions\/4065"}],"wp:attachment":[{"href":"http:\/\/www.partitura.fss.ukf.sk\/index.php?rest_route=%2Fwp%2Fv2%2Fmedia&parent=3919"}],"curies":[{"name":"wp","href":"https:\/\/api.w.org\/{rel}","templated":true}]}}