{"id":3921,"date":"2025-01-23T12:42:39","date_gmt":"2025-01-23T12:42:39","guid":{"rendered":"http:\/\/www.partitura.fss.ukf.sk\/?page_id=3921"},"modified":"2025-01-23T17:48:21","modified_gmt":"2025-01-23T17:48:21","slug":"a-semiotic-analysis-of-the-illustrated-work-and-its-illustration","status":"publish","type":"page","link":"http:\/\/www.partitura.fss.ukf.sk\/?page_id=3921","title":{"rendered":"Az&nbsp;illusztr\u00e1lt m\u0171 \u00e9s&nbsp;illusztr\u00e1ci\u00f3j\u00e1nak szemiotikai vizsg\u00e1lata"},"content":{"rendered":"<h3>Em\u0151ke Varga<\/h3>\n<p><strong><span style=\"color: #666666;\">IN:\u00a0<\/span><\/strong><span style=\"color: #666666;\">Partit\u00fara Irodalomtudom\u00e1nyi foly\u00f3irat, Volume XIX.\u00a0, Issue 1, 2024, page 41-52 ,\u00a0ISSN 1336-7307<\/span><\/p>\n<p><strong>DOI:\u00a0<\/strong>10.17846\/PA.2024.19.1.41-52<\/p>\n<p><strong>Abstract:<\/strong><\/p>\n<blockquote><p>The first part of the paper presents the concept of \u00c1ron Kib\u00e9di Varga\u2019s semiotic study of illustration, which, starting from the basic principles of Morrisian semiotics, interprets the sign relations of the text and illustration series of The Little Prince by separating the levels of morphological, syntactic and semantic meaning carriers, and on the other hand, it points out some questionable points of the theory by placing this concept in the perspective of systematic semiotics. In the second part, based on the conceptual and theoretical framework of Mih\u00e1ly Sz\u00edv\u00f3s\u2019 From the Sign to the Code, he attempts to describe the semiotic dimensions of the illustrated work and its illustration as two media that are in a sign-relation with each other.\n<\/p><\/blockquote>\n<p><a href=\"\/wp-content\/uploads\/2025\/01\/Partitura-2024-01-041-052.pdf\"><strong>Whole article<\/strong><\/a><\/p>\n","protected":false},"excerpt":{"rendered":"<p>Em\u0151ke Varga IN:\u00a0Partit\u00fara Irodalomtudom\u00e1nyi foly\u00f3irat, Volume XIX.\u00a0, Issue 1, 2024, page 41-52 ,\u00a0ISSN 1336-7307 DOI:\u00a010.17846\/PA.2024.19.1.41-52 [&hellip;]<\/p>\n","protected":false},"author":5,"featured_media":0,"parent":0,"menu_order":0,"comment_status":"closed","ping_status":"closed","template":"","meta":[],"_links":{"self":[{"href":"http:\/\/www.partitura.fss.ukf.sk\/index.php?rest_route=\/wp\/v2\/pages\/3921"}],"collection":[{"href":"http:\/\/www.partitura.fss.ukf.sk\/index.php?rest_route=\/wp\/v2\/pages"}],"about":[{"href":"http:\/\/www.partitura.fss.ukf.sk\/index.php?rest_route=\/wp\/v2\/types\/page"}],"author":[{"embeddable":true,"href":"http:\/\/www.partitura.fss.ukf.sk\/index.php?rest_route=\/wp\/v2\/users\/5"}],"replies":[{"embeddable":true,"href":"http:\/\/www.partitura.fss.ukf.sk\/index.php?rest_route=%2Fwp%2Fv2%2Fcomments&post=3921"}],"version-history":[{"count":6,"href":"http:\/\/www.partitura.fss.ukf.sk\/index.php?rest_route=\/wp\/v2\/pages\/3921\/revisions"}],"predecessor-version":[{"id":4068,"href":"http:\/\/www.partitura.fss.ukf.sk\/index.php?rest_route=\/wp\/v2\/pages\/3921\/revisions\/4068"}],"wp:attachment":[{"href":"http:\/\/www.partitura.fss.ukf.sk\/index.php?rest_route=%2Fwp%2Fv2%2Fmedia&parent=3921"}],"curies":[{"name":"wp","href":"https:\/\/api.w.org\/{rel}","templated":true}]}}