{"id":3959,"date":"2025-01-23T14:08:36","date_gmt":"2025-01-23T14:08:36","guid":{"rendered":"http:\/\/www.partitura.fss.ukf.sk\/?page_id=3959"},"modified":"2025-01-23T17:48:09","modified_gmt":"2025-01-23T17:48:09","slug":"image-and-text-interactions-the-intermedial-and-inter-iconic-relations-of-the-gracia-figures-2","status":"publish","type":"page","link":"http:\/\/www.partitura.fss.ukf.sk\/?page_id=3959","title":{"rendered":"K\u00e9p \u00e9s&nbsp;sz\u00f6veg k\u00f6lcs\u00f6nhat\u00e1sok: a&nbsp;Gr\u00e1cia-figur\u00e1k intermedi\u00e1lis \u00e9s&nbsp;interikonikus kapcsolatai"},"content":{"rendered":"<h3>Edit \u00dajv\u00e1ri<\/h3>\n<p><strong><span style=\"color: #666666;\">IN:\u00a0<\/span><\/strong><span style=\"color: #666666;\">Partit\u00fara Irodalomtudom\u00e1nyi foly\u00f3irat, Volume XIX.\u00a0, Issue 1, 2024, page 29-40 ,\u00a0ISSN 1336-7307<\/span><\/p>\n<p><strong>DOI:\u00a0<\/strong>10.17846\/PA.2024.19.1.29-40<\/p>\n<p><strong>Abstract:<\/strong><\/p>\n<blockquote><p>The study focuses on the figures of Graces in Greco-Roman mythology and their allegorical interpretations. By examining the evolution of the Graces in terms of both text and iconography, from ancient times through the early modern period, one can identify several cases of intermedial interactions. Botticelli\u2019s mythological paintings, including his depictions of the Graces, serve as excellent examples of the shift in medium, the functional distinctions between various signs, and the overlapping aspects found in these different forms of communication.<\/p><\/blockquote>\n<p><a href=\"\/wp-content\/uploads\/2025\/01\/Partitura-2024-01-029-040.pdf\"><strong>Whole article<\/strong><\/a><\/p>\n","protected":false},"excerpt":{"rendered":"<p>Edit \u00dajv\u00e1ri IN:\u00a0Partit\u00fara Irodalomtudom\u00e1nyi foly\u00f3irat, Volume XIX.\u00a0, Issue 1, 2024, page 29-40 ,\u00a0ISSN 1336-7307 DOI:\u00a010.17846\/PA.2024.19.1.29-40 [&hellip;]<\/p>\n","protected":false},"author":5,"featured_media":0,"parent":0,"menu_order":0,"comment_status":"closed","ping_status":"closed","template":"","meta":[],"_links":{"self":[{"href":"http:\/\/www.partitura.fss.ukf.sk\/index.php?rest_route=\/wp\/v2\/pages\/3959"}],"collection":[{"href":"http:\/\/www.partitura.fss.ukf.sk\/index.php?rest_route=\/wp\/v2\/pages"}],"about":[{"href":"http:\/\/www.partitura.fss.ukf.sk\/index.php?rest_route=\/wp\/v2\/types\/page"}],"author":[{"embeddable":true,"href":"http:\/\/www.partitura.fss.ukf.sk\/index.php?rest_route=\/wp\/v2\/users\/5"}],"replies":[{"embeddable":true,"href":"http:\/\/www.partitura.fss.ukf.sk\/index.php?rest_route=%2Fwp%2Fv2%2Fcomments&post=3959"}],"version-history":[{"count":2,"href":"http:\/\/www.partitura.fss.ukf.sk\/index.php?rest_route=\/wp\/v2\/pages\/3959\/revisions"}],"predecessor-version":[{"id":4067,"href":"http:\/\/www.partitura.fss.ukf.sk\/index.php?rest_route=\/wp\/v2\/pages\/3959\/revisions\/4067"}],"wp:attachment":[{"href":"http:\/\/www.partitura.fss.ukf.sk\/index.php?rest_route=%2Fwp%2Fv2%2Fmedia&parent=3959"}],"curies":[{"name":"wp","href":"https:\/\/api.w.org\/{rel}","templated":true}]}}