{"id":3977,"date":"2025-01-23T15:39:41","date_gmt":"2025-01-23T15:39:41","guid":{"rendered":"http:\/\/www.partitura.fss.ukf.sk\/?page_id=3977"},"modified":"2025-01-23T17:43:26","modified_gmt":"2025-01-23T17:43:26","slug":"finding-another-language-franz-kafka-the-castle","status":"publish","type":"page","link":"http:\/\/www.partitura.fss.ukf.sk\/?page_id=3977","title":{"rendered":"A&nbsp;m\u00e1sik nyelv keres\u00e9se. Franz Kafka: <em>A&nbsp;kast\u00e9ly<\/em>"},"content":{"rendered":"<h3>Tam\u00e1s L\u00e9n\u00e1rt<\/h3>\n<p><strong><span style=\"color: #666666;\">IN:\u00a0<\/span><\/strong><span style=\"color: #666666;\">Partit\u00fara Irodalomtudom\u00e1nyi foly\u00f3irat, Volume XIX.\u00a0, Issue 2, 2024, page 3-12 ,\u00a0ISSN 1336-7307<\/span><\/p>\n<p><strong>DOI:\u00a0<\/strong>10.17846\/PA.2024.19.2.3-12<\/p>\n<p><strong>Abstract:<\/strong><\/p>\n<blockquote><p>This paper examines Franz Kafka\u2019s fragmentary novel, The Castle, primarily from the point of view of language use and its anomalies. The starting point for the study is the view of language as formulated in Gilles Deleuze and F\u00e9lix Guattari\u2019s Kafka. Toward a Minor Literature, which sees language as secondary, alien and even dangerous, rather than as a primordial concept. Approaching the novel from this pers- pective, its narrative voice speaks a language that is analytical, experimental, yet ref- lective and unreliable, in short, foreign, which does not represent the fictional world but rather shapes it, while pointing out its own changes, dynamics and eventfulness. It is this idiosyncratic use of language that establishes the text\u2019s strange, \u2018uncanny\u2019 atmosphere, its often \u2018out-of-place\u2019 characters and their interactions, and thus makes it one of the first substantial works of a defining trend in 20th century prose literature.<\/p><\/blockquote>\n<p><a href=\"\/wp-content\/uploads\/2025\/01\/Partitura-2024-02-003-012.pdf\"><strong>Whole article<\/strong><\/a><\/p>\n","protected":false},"excerpt":{"rendered":"<p>Tam\u00e1s L\u00e9n\u00e1rt IN:\u00a0Partit\u00fara Irodalomtudom\u00e1nyi foly\u00f3irat, Volume XIX.\u00a0, Issue 2, 2024, page 3-12 ,\u00a0ISSN 1336-7307 DOI:\u00a010.17846\/PA.2024.19.2.3-12 [&hellip;]<\/p>\n","protected":false},"author":5,"featured_media":0,"parent":0,"menu_order":0,"comment_status":"closed","ping_status":"closed","template":"","meta":[],"_links":{"self":[{"href":"http:\/\/www.partitura.fss.ukf.sk\/index.php?rest_route=\/wp\/v2\/pages\/3977"}],"collection":[{"href":"http:\/\/www.partitura.fss.ukf.sk\/index.php?rest_route=\/wp\/v2\/pages"}],"about":[{"href":"http:\/\/www.partitura.fss.ukf.sk\/index.php?rest_route=\/wp\/v2\/types\/page"}],"author":[{"embeddable":true,"href":"http:\/\/www.partitura.fss.ukf.sk\/index.php?rest_route=\/wp\/v2\/users\/5"}],"replies":[{"embeddable":true,"href":"http:\/\/www.partitura.fss.ukf.sk\/index.php?rest_route=%2Fwp%2Fv2%2Fcomments&post=3977"}],"version-history":[{"count":8,"href":"http:\/\/www.partitura.fss.ukf.sk\/index.php?rest_route=\/wp\/v2\/pages\/3977\/revisions"}],"predecessor-version":[{"id":4058,"href":"http:\/\/www.partitura.fss.ukf.sk\/index.php?rest_route=\/wp\/v2\/pages\/3977\/revisions\/4058"}],"wp:attachment":[{"href":"http:\/\/www.partitura.fss.ukf.sk\/index.php?rest_route=%2Fwp%2Fv2%2Fmedia&parent=3977"}],"curies":[{"name":"wp","href":"https:\/\/api.w.org\/{rel}","templated":true}]}}