{"id":4012,"date":"2025-01-23T16:48:37","date_gmt":"2025-01-23T16:48:37","guid":{"rendered":"http:\/\/www.partitura.fss.ukf.sk\/?page_id=4012"},"modified":"2025-01-23T17:24:50","modified_gmt":"2025-01-23T17:24:50","slug":"utszeli-viragszal-feher-szirmai-2","status":"publish","type":"page","link":"http:\/\/www.partitura.fss.ukf.sk\/?page_id=4012","title":{"rendered":"\u00datsz\u00e9li vir\u00e1gsz\u00e1l feh\u00e9r szirmai. Ters\u00e1nszky J\u00f3zsi Jen\u0151 <em>A&nbsp;margar\u00e9t\u00e1s dal<\/em> c\u00edm\u0171 kisreg\u00e9ny\u00e9r\u0151l"},"content":{"rendered":"<h3><span class=\"fontstyle0\">Haramza Krist\u00f3f<\/span><\/h3>\n<p><strong><span style=\"color: #666666;\">IN:\u00a0<\/span><\/strong><span style=\"color: #666666;\">Partit\u00fara Irodalomtudom\u00e1nyi foly\u00f3irat, \u00c9vfolyam XIX. , Sz\u00e1m 2, 2024, 23-36.\u00a0oldal , ISSN 1336-7307<\/span> <strong>DOI:\u00a0<\/strong>10.17846\/PA.2024.19.2.23-36\u00a0<strong>Absztrakt:<\/strong><\/p>\n<blockquote><p>Ters\u00e1nszky J\u00f3zsi Jen\u0151 1929-es megjelen\u00e9s\u0171 reg\u00e9nye, A margar\u00e9t\u00e1s dal a&nbsp;f\u00e9lig orosz, f\u00e9lig n\u00e9met sz\u00e1rmaz\u00e1s\u00fa n\u0151, Natasa Gajdarova sors\u00e1t t\u00e1rja el\u00e9nk. A&nbsp;puszta militarista sz\u00ednb\u0151l azonban kil\u00e9p ez&nbsp;a&nbsp;f\u0151h\u0151sn\u0151, aki sokkal ink\u00e1bb foglalkozik a&nbsp;szerelemr\u0151l alkotott bels\u0151-lelki dilemm\u00e1ival \u00e9s&nbsp;t\u00e9vk\u00e9pzeteivel, mint a&nbsp;k\u00edv\u00fcl puszt\u00edt\u00f3 h\u00e1bor\u00fa szerencs\u00e9s vagy szerencs\u00e9tlen fordulataival. A&nbsp;f\u0151h\u0151sn\u0151 jellem\u00e9nek paradoxit\u00e1sai, a&nbsp;reg\u00e9ny vil\u00e1gk\u00e9pe \u00e9s&nbsp;elbesz\u00e9l\u00e9s-technik\u00e1ja, valamint a&nbsp;k\u00f6zbe\u00e9kelt sz\u00f6vegt\u00edpusok aspektusai nemcsak a&nbsp;befogad\u00e1s, hanem az&nbsp;\u00e9rtelmez\u00e9s oldal\u00e1r\u00f3l is produktivit\u00e1st k\u00edv\u00e1nnak meg. Natasa \u00e9rzelmi vil\u00e1g\u00e1t \u00e9s&nbsp;az&nbsp;elbesz\u00e9l\u00e9s furfangos praktik\u00e1it csak \u00fagy \u00e9rthetj\u00fck meg, ha e&nbsp;\u201ereg\u00e9nyes sz\u00edv\u00fcgy\u201d k\u00fcls\u0151 \u00e9s&nbsp;bels\u0151 ind\u00edt\u00e9kait \u00e9s&nbsp;mozgat\u00f3rug\u00f3it is felt\u00e1rjuk, s&nbsp;a&nbsp;sz\u00f6vegben rejl\u0151, elharapott \u00e9s&nbsp;elhallgatott mondatokat kieg\u00e9sz\u00edtj\u00fck.<\/p><\/blockquote>\n<p><a href=\"\/wp-content\/uploads\/2025\/01\/Partitura-2024-02-023-036.pdf\"><strong>Teljes sz\u00f6veg<\/strong><\/a><\/p>\n","protected":false},"excerpt":{"rendered":"<p>Haramza Krist\u00f3f IN:\u00a0Partit\u00fara Irodalomtudom\u00e1nyi foly\u00f3irat, \u00c9vfolyam XIX. , Sz\u00e1m 2, 2024, 23-36.\u00a0oldal , ISSN 1336-7307 [&hellip;]<\/p>\n","protected":false},"author":5,"featured_media":0,"parent":0,"menu_order":0,"comment_status":"closed","ping_status":"closed","template":"","meta":[],"_links":{"self":[{"href":"http:\/\/www.partitura.fss.ukf.sk\/index.php?rest_route=\/wp\/v2\/pages\/4012"}],"collection":[{"href":"http:\/\/www.partitura.fss.ukf.sk\/index.php?rest_route=\/wp\/v2\/pages"}],"about":[{"href":"http:\/\/www.partitura.fss.ukf.sk\/index.php?rest_route=\/wp\/v2\/types\/page"}],"author":[{"embeddable":true,"href":"http:\/\/www.partitura.fss.ukf.sk\/index.php?rest_route=\/wp\/v2\/users\/5"}],"replies":[{"embeddable":true,"href":"http:\/\/www.partitura.fss.ukf.sk\/index.php?rest_route=%2Fwp%2Fv2%2Fcomments&post=4012"}],"version-history":[{"count":2,"href":"http:\/\/www.partitura.fss.ukf.sk\/index.php?rest_route=\/wp\/v2\/pages\/4012\/revisions"}],"predecessor-version":[{"id":4049,"href":"http:\/\/www.partitura.fss.ukf.sk\/index.php?rest_route=\/wp\/v2\/pages\/4012\/revisions\/4049"}],"wp:attachment":[{"href":"http:\/\/www.partitura.fss.ukf.sk\/index.php?rest_route=%2Fwp%2Fv2%2Fmedia&parent=4012"}],"curies":[{"name":"wp","href":"https:\/\/api.w.org\/{rel}","templated":true}]}}