{"id":4020,"date":"2025-01-23T17:01:02","date_gmt":"2025-01-23T17:01:02","guid":{"rendered":"http:\/\/www.partitura.fss.ukf.sk\/?page_id=4020"},"modified":"2025-01-23T17:01:02","modified_gmt":"2025-01-23T17:01:02","slug":"az-emlekezes-narrativ-modozatai-kaffka-margit-diadal-cimu-elbeszeleseben","status":"publish","type":"page","link":"http:\/\/www.partitura.fss.ukf.sk\/?page_id=4020","title":{"rendered":"Az eml\u00e9kez\u00e9s narrat\u00edv m\u00f3dozatai Kaffka Margit <em>Diadal<\/em> c\u00edm\u0171 elbesz\u00e9l\u00e9s\u00e9ben"},"content":{"rendered":"<h3><span class=\"fontstyle0\">Kosztrabszky R\u00e9ka<\/span><\/h3>\n<p><strong><span style=\"color: #666666;\">IN:\u00a0<\/span><\/strong><span style=\"color: #666666;\">Partit\u00fara Irodalomtudom\u00e1nyi foly\u00f3irat, \u00c9vfolyam XIX. , Sz\u00e1m 2, 2024, 37-46.\u00a0oldal , ISSN 1336-7307<\/span> <strong>DOI:\u00a0<\/strong>10.17846\/PA.2024.19.2.37-46\u00a0<strong>Absztrakt:<\/strong><\/p>\n<blockquote><p>Tanulm\u00e1nyomban Kaffka Margit Diadal c\u00edm\u0171 novell\u00e1j\u00e1nak elbesz\u00e9l\u00e9stechnik\u00e1j\u00e1t elemzem, mely eddig meglehet\u0151sen kev\u00e9s figyelmet kapott az&nbsp;\u00e9rtelmez\u0151kt\u0151l. A&nbsp;szerepl\u0151i tudat\u00e1br\u00e1zol\u00e1s, valamint  az&nbsp;eml\u00e9kez\u00e9s narrat\u00edv m\u00f3dozatainak elemz\u00e9s\u00e9vel az&nbsp;alkot\u00e1s narrat\u00edv komplexit\u00e1s\u00e1ra szeretn\u00e9k r\u00e1mutatni, mivel egy&nbsp;ilyen t\u00edpus\u00fa elemz\u00e9s elengedhetetlen az&nbsp;\u00edr\u00f3n\u0151 novellisztik\u00e1ja elbesz\u00e9l\u00e9stechnikai saj\u00e1toss\u00e1gainak sz\u00e1mbav\u00e9tel\u00e9hez.<\/p><\/blockquote>\n<p><a href=\"\/wp-content\/uploads\/2025\/01\/Partitura-2024-02-037-046.pdf\"><strong>Teljes sz\u00f6veg<\/strong><\/a><\/p>\n","protected":false},"excerpt":{"rendered":"<p>Kosztrabszky R\u00e9ka IN:\u00a0Partit\u00fara Irodalomtudom\u00e1nyi foly\u00f3irat, \u00c9vfolyam XIX. , Sz\u00e1m 2, 2024, 37-46.\u00a0oldal , ISSN 1336-7307 [&hellip;]<\/p>\n","protected":false},"author":5,"featured_media":0,"parent":0,"menu_order":0,"comment_status":"closed","ping_status":"closed","template":"","meta":[],"_links":{"self":[{"href":"http:\/\/www.partitura.fss.ukf.sk\/index.php?rest_route=\/wp\/v2\/pages\/4020"}],"collection":[{"href":"http:\/\/www.partitura.fss.ukf.sk\/index.php?rest_route=\/wp\/v2\/pages"}],"about":[{"href":"http:\/\/www.partitura.fss.ukf.sk\/index.php?rest_route=\/wp\/v2\/types\/page"}],"author":[{"embeddable":true,"href":"http:\/\/www.partitura.fss.ukf.sk\/index.php?rest_route=\/wp\/v2\/users\/5"}],"replies":[{"embeddable":true,"href":"http:\/\/www.partitura.fss.ukf.sk\/index.php?rest_route=%2Fwp%2Fv2%2Fcomments&post=4020"}],"version-history":[{"count":1,"href":"http:\/\/www.partitura.fss.ukf.sk\/index.php?rest_route=\/wp\/v2\/pages\/4020\/revisions"}],"predecessor-version":[{"id":4024,"href":"http:\/\/www.partitura.fss.ukf.sk\/index.php?rest_route=\/wp\/v2\/pages\/4020\/revisions\/4024"}],"wp:attachment":[{"href":"http:\/\/www.partitura.fss.ukf.sk\/index.php?rest_route=%2Fwp%2Fv2%2Fmedia&parent=4020"}],"curies":[{"name":"wp","href":"https:\/\/api.w.org\/{rel}","templated":true}]}}