{"id":4033,"date":"2025-01-23T17:11:06","date_gmt":"2025-01-23T17:11:06","guid":{"rendered":"http:\/\/www.partitura.fss.ukf.sk\/?page_id=4033"},"modified":"2025-01-23T17:44:19","modified_gmt":"2025-01-23T17:44:19","slug":"in-the-shadow-of-the-good-mother","status":"publish","type":"page","link":"http:\/\/www.partitura.fss.ukf.sk\/?page_id=4033","title":{"rendered":"A&nbsp;\u201ej\u00f3\u201d anya \u00e1rny\u00e9k\u00e1ban"},"content":{"rendered":"<h3>Zsuzsanna L\u00e9n\u00e1rt-Muszka<\/h3>\n<p><strong><span style=\"color: #666666;\">IN:\u00a0<\/span><\/strong><span style=\"color: #666666;\">Partit\u00fara Irodalomtudom\u00e1nyi foly\u00f3irat, Volume XIX.\u00a0, Issue 2, 2024, page 47-64 ,\u00a0ISSN 1336-7307<\/span><\/p>\n<p><strong>DOI:\u00a0<\/strong>10.17846\/PA.2024.19.2.47-64<\/p>\n<p><strong>Abstract:<\/strong><\/p>\n<blockquote><p>The paper addresses the representations of normative motherhood and respectability politics in the context of Black American motherhood in two contemporary short stories by African American women writers: Alice Walker\u2019s \u201cThe Abortion\u201d (1981) and Nafissa Thompson-Spires\u2019s \u201cBelles Lettres\u201d (2018). After introducing the stories, I provide a brief historical overview of Black American mothers\u2019 social status, which I frame within the prescriptive discourses of respectability politics and normative motherhood. After interrogating the stories\u2019 treatment of four of the pillars of normative motherhood and the influence of race on the three textual mothers\u2019 experiences, I argue that the intertwining of respectability politics and normative motherhood prompt the women in question to perceive motherhood as a performance carried out for the benefit of an external gaze. Furthermore, I examine the narrative consequences of prioritizing the figure of the ideal mother as well as consider the social and personal repercussions of either embracing or rejecting the imperatives of both discourses.<\/p><\/blockquote>\n<p><a href=\"\/wp-content\/uploads\/2025\/01\/Partitura-2024-02-047-064.pdf\"><strong>Whole article<\/strong><\/a><\/p>\n","protected":false},"excerpt":{"rendered":"<p>Zsuzsanna L\u00e9n\u00e1rt-Muszka IN:\u00a0Partit\u00fara Irodalomtudom\u00e1nyi foly\u00f3irat, Volume XIX.\u00a0, Issue 2, 2024, page 47-64 ,\u00a0ISSN 1336-7307 DOI:\u00a010.17846\/PA.2024.19.2.47-64 [&hellip;]<\/p>\n","protected":false},"author":5,"featured_media":0,"parent":0,"menu_order":0,"comment_status":"closed","ping_status":"closed","template":"","meta":[],"_links":{"self":[{"href":"http:\/\/www.partitura.fss.ukf.sk\/index.php?rest_route=\/wp\/v2\/pages\/4033"}],"collection":[{"href":"http:\/\/www.partitura.fss.ukf.sk\/index.php?rest_route=\/wp\/v2\/pages"}],"about":[{"href":"http:\/\/www.partitura.fss.ukf.sk\/index.php?rest_route=\/wp\/v2\/types\/page"}],"author":[{"embeddable":true,"href":"http:\/\/www.partitura.fss.ukf.sk\/index.php?rest_route=\/wp\/v2\/users\/5"}],"replies":[{"embeddable":true,"href":"http:\/\/www.partitura.fss.ukf.sk\/index.php?rest_route=%2Fwp%2Fv2%2Fcomments&post=4033"}],"version-history":[{"count":2,"href":"http:\/\/www.partitura.fss.ukf.sk\/index.php?rest_route=\/wp\/v2\/pages\/4033\/revisions"}],"predecessor-version":[{"id":4062,"href":"http:\/\/www.partitura.fss.ukf.sk\/index.php?rest_route=\/wp\/v2\/pages\/4033\/revisions\/4062"}],"wp:attachment":[{"href":"http:\/\/www.partitura.fss.ukf.sk\/index.php?rest_route=%2Fwp%2Fv2%2Fmedia&parent=4033"}],"curies":[{"name":"wp","href":"https:\/\/api.w.org\/{rel}","templated":true}]}}