{"id":43,"date":"2014-10-11T15:47:02","date_gmt":"2014-10-11T15:47:02","guid":{"rendered":"http:\/\/www.partitura.fss.ukf.sk\/?page_id=43"},"modified":"2023-12-04T17:31:48","modified_gmt":"2023-12-04T17:31:48","slug":"szerzoinknek","status":"publish","type":"page","link":"http:\/\/www.partitura.fss.ukf.sk\/?page_id=43","title":{"rendered":"Szerz\u0151inknek"},"content":{"rendered":"<p>A Partit\u00fara tudom\u00e1nyos ig\u00e9ny\u0171 elm\u00e9leti, elemz\u0151 vagy t\u00f6rt\u00e9neti ir\u00e1nyults\u00e1g\u00fa tanulm\u00e1nyokat egyar\u00e1nt k\u00f6z\u00f6l, ezen k\u00edv\u00fcl teret k\u00edv\u00e1n adni a kifejtettebb, terjedelmesebben argument\u00e1lt szakkritik\u00e1knak is. A k\u00e9ziratokat a szerkeszt\u0151s\u00e9g tagjai \u00e9s egy k\u00fcls\u0151 b\u00edr\u00e1l\u00f3 v\u00e9lem\u00e9nyezi (double-blind rewied), aki az adott ter\u00fclet elismert szakembere. A Partit\u00fara 2019-t\u0151l az ERIH PLUS nemzetk\u00f6zi adatb\u00e1zisban jegyzett foly\u00f3irat.<\/p>\n<p>A k\u00e9zirat terjedelme tanulm\u00e1ny eset\u00e9n max. 30-35 normaoldal, kritika eset\u00e9n max. 20 normaoldal. A tanulm\u00e1nyokat az al\u00e1bbi formai k\u00f6vetelm\u00e9nyek betart\u00e1s\u00e1val k\u00e9rj\u00fck elk\u00e9sz\u00edteni:<\/p>\n<p><strong>A k\u00e9zirat form\u00e1ja<\/strong>: 12-es bet\u0171m\u00e9ret, Times New Roman bet\u0171t\u00edpus, 1-es sork\u00f6z<\/p>\n<p><strong>A tanulm\u00e1ny elej\u00e9re<\/strong>:<\/p>\n<p>A szerz\u0151 neve<\/p>\n<p>C\u00edm: magyarul<\/p>\n<p>4-5 mondatos magyar nyelv\u0171 absztrakt<\/p>\n<p>4-5 magyar kulcssz\u00f3<\/p>\n<p><strong>A hivatkoz\u00e1s<\/strong> lapalji jegyzet form\u00e1j\u00e1ban t\u00f6rt\u00e9nik az al\u00e1bbi norma alapj\u00e1n (a szerz\u0151k, ford\u00edt\u00f3k \u00e9s szerkeszt\u0151k neve, illetve az azt helyettes\u00edt\u0151 \u201eugyan\u0151\u201d r\u00f6vid\u00edt\u00e9se (U\u0151) <u>kiskapit\u00e1lissal<\/u> \u00edrand\u00f3):<\/p>\n<p><u>Monogr\u00e1fia<\/u>:<\/p>\n<p>Jurij Lotman, <em>Kult\u00fara \u00e9s robban\u00e1s<\/em>, ford. Sz\u0171cs Teri, Budapest, Pannonica Kiad\u00f3: 2001, 54\u201356.<\/p>\n<p><u>Tanulm\u00e1nyk\u00f6tet<\/u>:<\/p>\n<p>Jurij Lotman, <em>Sz\u00f6veg a sz\u00f6vegben<\/em>, ford. Klausz Ildik\u00f3 \u00e9s P\u00e1lfi \u00c1gnes = <em>Kult\u00fara, sz\u00f6veg, narr\u00e1ci\u00f3. Orosz elm\u00e9let\u00edr\u00f3k tanulm\u00e1nyai<\/em>, szerk. V. Gilbert Edit \u00e9s Kov\u00e1cs \u00c1rp\u00e1d, P\u00e9cs: Janus Pannonius Egyetemi Kiad\u00f3, 1994, 57\u201382.<\/p>\n<p>Jurij Lotman, <em>A sz\u00f6veg fogalma<\/em>, ford. K\u00f6ves Erzs\u00e9bet = U\u0151,<em> Sz\u00f6veg, modell, t\u00edpus, <\/em>Budapest: Gondolat, 1973, 53\u201365.<\/p>\n<p><u>Foly\u00f3iratcikk<\/u>:<\/p>\n<p>Jurij lotman, <em>A retorika<\/em>, ford. nagy Istv\u00e1n, Helikon, 1999\/1-2., 99.<\/p>\n<p>Haszn\u00e1lt r\u00f6vid\u00edt\u00e9sek, visszautal\u00e1sok:<\/p>\n<p>U\u0151<\/p>\n<p><em>Uo.<\/em><\/p>\n<p><em>I.m.<\/em><\/p>\n<p><em>Uo<\/em>., 5.<\/p>\n<p><em>I.m.<\/em>, 5.<\/p>\n<p>V\u00f6.<\/p>\n<p><strong>A tanulm\u00e1ny v\u00e9g\u00e9re<\/strong>:<\/p>\n<p>\u201e<u>Irodalom<\/u>\u201d c\u00edmsz\u00f3 alatt a tanulm\u00e1nyban id\u00e9zett \u00e9s hivatkozott forr\u00e1sok \u00e1b\u00e9c\u00e9rendbe szedett jegyz\u00e9ke (11-es bet\u0171m\u00e9ret) a szerz\u0151k vezet\u00e9kneve alapj\u00e1n:<\/p>\n<p>Frejdenberg, Olga, <em>A narr\u00e1ci\u00f3 eredete<\/em>, ford. P\u00e1ti M\u00f3nika = <em>Kult\u00fara, sz\u00f6veg, narr\u00e1ci\u00f3. Orosz elm\u00e9let\u00edr\u00f3k tanulm\u00e1nyai<\/em>, szerk. V. Gilbert Edit \u00e9s Kov\u00e1cs \u00c1rp\u00e1d, P\u00e9cs: Janus Pannonius Egyetemi Kiad\u00f3, 1994, 251\u2013284.<\/p>\n<p>Lotman, Jurij, <em>Kult\u00fara \u00e9s robban\u00e1s<\/em>, ford. Sz\u0171cs Teri, Budapest, Pannonica Kiad\u00f3: 2001.<\/p>\n<p>&nbsp;<\/p>\n<p>4-5 mondatos <u>angol nyelv\u0171 absztrakt<\/u>, \u00e9l\u00e9n a tanulm\u00e1ny c\u00edm\u00e9nek angol ford\u00edt\u00e1s\u00e1val (10-es bet\u0171m\u00e9ret)<\/p>\n<p>4-5 angol <u>kulcssz\u00f3<\/u><\/p>\n<p>A <u>szerz\u0151<\/u> <u>el\u00e9rhet\u0151s\u00e9ge<\/u>: n\u00e9v, munkahelye neve \u00e9s c\u00edme, email<\/p>\n","protected":false},"excerpt":{"rendered":"<p>A Partit\u00fara tudom\u00e1nyos ig\u00e9ny\u0171 elm\u00e9leti, elemz\u0151 vagy t\u00f6rt\u00e9neti ir\u00e1nyults\u00e1g\u00fa tanulm\u00e1nyokat egyar\u00e1nt k\u00f6z\u00f6l, ezen k\u00edv\u00fcl teret [&hellip;]<\/p>\n","protected":false},"author":1,"featured_media":0,"parent":0,"menu_order":0,"comment_status":"closed","ping_status":"open","template":"","meta":[],"_links":{"self":[{"href":"http:\/\/www.partitura.fss.ukf.sk\/index.php?rest_route=\/wp\/v2\/pages\/43"}],"collection":[{"href":"http:\/\/www.partitura.fss.ukf.sk\/index.php?rest_route=\/wp\/v2\/pages"}],"about":[{"href":"http:\/\/www.partitura.fss.ukf.sk\/index.php?rest_route=\/wp\/v2\/types\/page"}],"author":[{"embeddable":true,"href":"http:\/\/www.partitura.fss.ukf.sk\/index.php?rest_route=\/wp\/v2\/users\/1"}],"replies":[{"embeddable":true,"href":"http:\/\/www.partitura.fss.ukf.sk\/index.php?rest_route=%2Fwp%2Fv2%2Fcomments&post=43"}],"version-history":[{"count":13,"href":"http:\/\/www.partitura.fss.ukf.sk\/index.php?rest_route=\/wp\/v2\/pages\/43\/revisions"}],"predecessor-version":[{"id":3710,"href":"http:\/\/www.partitura.fss.ukf.sk\/index.php?rest_route=\/wp\/v2\/pages\/43\/revisions\/3710"}],"wp:attachment":[{"href":"http:\/\/www.partitura.fss.ukf.sk\/index.php?rest_route=%2Fwp%2Fv2%2Fmedia&parent=43"}],"curies":[{"name":"wp","href":"https:\/\/api.w.org\/{rel}","templated":true}]}}