{"id":651,"date":"2015-09-25T05:30:07","date_gmt":"2015-09-25T05:30:07","guid":{"rendered":"http:\/\/www.partitura.fss.ukf.sk\/?page_id=651"},"modified":"2019-12-09T08:10:36","modified_gmt":"2019-12-09T08:10:36","slug":"wandering-near-the-mustard-yellow-walls-interpretation-preferences-in-the-novel-the-death-rode-out-of-persia-by-peter-hajnoczy","status":"publish","type":"page","link":"http:\/\/www.partitura.fss.ukf.sk\/?page_id=651","title":{"rendered":"Wandering near the mustard yellow walls: Interpretation preferences in the novel The Death Rode Out of Persia by P\u00e9ter Hajn\u00f3czy"},"content":{"rendered":"<h3>Lajos\u00a0Csillag<\/h3>\n<p><strong>IN:<\/strong>\u00a0Partit\u00fara Irodalomtudom\u00e1nyi foly\u00f3irat, Volume: IX. Issue 2, 2014, p. 121-140., ISSN 1336-7307<\/p>\n<p><strong>DOI:\u00a0<\/strong><span style=\"font-style: inherit; font-weight: inherit;\">10.17846\/PA.2014.9.2.121-140<\/span><\/p>\n<blockquote><p>The paper tries to analyze and interpret the literary work <em>A hal\u00e1l kilovagolt\u00a0<\/em><em>Perzsi\u00e1b\u00f3l<\/em> written by P\u00e9ter Hajn\u00f3czy, taking those aspects into consideration,\u00a0that have been researched by others as well. The paper is segmented into four\u00a0main \u00a0arts. Firstly it deals with alcoholism and smoking as sacred activities, furthermore\u00a0it analyzes the biblical motifs. After this it attempts to find an answer to\u00a0the meaning of the visions that accompany the whole literary work, focusing on\u00a0the \u00a0title giver vision. The third part is the analysis of the inter-textual cells, that\u00a0can be found in the text, dealing with their possible functions in the work. The\u00a0last part is a comparative analysis between the mentioned literary work and\u00a0Sadegh Hedayat\u2019s The Blind Owl comparing the common motifs and the search\u00a0for identity throughout both works. It tries to find those late modern paradigms\u00a0that can be found in both novels. At last, the paper sums up the peculiarities of\u00a0Hajn\u00f3czy\u2019s novels.<\/p><\/blockquote>\n<p><a href=\"http:\/\/www.partitura.fss.ukf.sk\/wp-content\/uploads\/2015\/07\/2014_2_csillag_lajos.pdf\"><strong>Whole issue<\/strong><\/a><\/p>\n","protected":false},"excerpt":{"rendered":"<p>Lajos\u00a0Csillag IN:\u00a0Partit\u00fara Irodalomtudom\u00e1nyi foly\u00f3irat, Volume: IX. Issue 2, 2014, p. 121-140., ISSN 1336-7307 DOI:\u00a010.17846\/PA.2014.9.2.121-140 The [&hellip;]<\/p>\n","protected":false},"author":4,"featured_media":0,"parent":0,"menu_order":0,"comment_status":"closed","ping_status":"open","template":"","meta":[],"_links":{"self":[{"href":"http:\/\/www.partitura.fss.ukf.sk\/index.php?rest_route=\/wp\/v2\/pages\/651"}],"collection":[{"href":"http:\/\/www.partitura.fss.ukf.sk\/index.php?rest_route=\/wp\/v2\/pages"}],"about":[{"href":"http:\/\/www.partitura.fss.ukf.sk\/index.php?rest_route=\/wp\/v2\/types\/page"}],"author":[{"embeddable":true,"href":"http:\/\/www.partitura.fss.ukf.sk\/index.php?rest_route=\/wp\/v2\/users\/4"}],"replies":[{"embeddable":true,"href":"http:\/\/www.partitura.fss.ukf.sk\/index.php?rest_route=%2Fwp%2Fv2%2Fcomments&post=651"}],"version-history":[{"count":8,"href":"http:\/\/www.partitura.fss.ukf.sk\/index.php?rest_route=\/wp\/v2\/pages\/651\/revisions"}],"predecessor-version":[{"id":1683,"href":"http:\/\/www.partitura.fss.ukf.sk\/index.php?rest_route=\/wp\/v2\/pages\/651\/revisions\/1683"}],"wp:attachment":[{"href":"http:\/\/www.partitura.fss.ukf.sk\/index.php?rest_route=%2Fwp%2Fv2%2Fmedia&parent=651"}],"curies":[{"name":"wp","href":"https:\/\/api.w.org\/{rel}","templated":true}]}}