{"id":835,"date":"2016-03-10T07:42:44","date_gmt":"2016-03-10T07:42:44","guid":{"rendered":"http:\/\/www.partitura.fss.ukf.sk\/?page_id=835"},"modified":"2019-12-09T08:10:25","modified_gmt":"2019-12-09T08:10:25","slug":"az-urban-fantasy-kliserendszerei","status":"publish","type":"page","link":"http:\/\/www.partitura.fss.ukf.sk\/?page_id=835","title":{"rendered":"Az urban fantasy klis\u00e9rendszerei"},"content":{"rendered":"<h3>Heged\u0171s Norbert<\/h3>\n<p><strong>IN:\u00a0<\/strong>Partit\u00fara Irodalomtudom\u00e1nyi foly\u00f3irat, X. \u00e9vfolyam, 1. sz\u00e1m, 2015, 93-102. oldal, ISSN 1336-7307<\/p>\n<p><strong>DOI:\u00a0<\/strong>10.17846\/PA.2015.5.1.93-102<\/p>\n<p><strong>Absztrakt<\/strong><\/p>\n<blockquote><p>A tanulm\u00e1ny az urban fantasy m\u0171faj\u00e1val foglalkozik, k\u00fcl\u00f6n\u00f6s tekintettel annak hagyom\u00e1ny\u00e1ra, klis\u00e9rendszereire, valamint a kort\u00e1rs magyar irodalomban val\u00f3 jelenl\u00e9t\u00e9re. Az els\u0151 r\u00e9szben a m\u0171faj n\u00e9h\u00e1ny j\u00f3l ismert k\u00e9pvisel\u0151j\u00e9r\u0151l (Neil Gaiman, China Mi\u00e9ville, L\u00e1szl\u00f3 Zolt\u00e1n stb.) esik sz\u00f3. A m\u00e1sodik r\u00e9szben elemz\u00e9sek olvashat\u00f3ak a sz\u00f3ban forg\u00f3 \u00edr\u00f3k m\u0171veir\u0151l, mik\u00f6zben a szerz\u0151 elk\u00fcl\u00f6n\u00edti az urban fantasy k\u00e9t t\u00edpus\u00e1t: a vil\u00e1g\u00e9p\u00edt\u00f3 urban fantasyt \u00e9s az intruz\u00edv urban fantasyt. A harmadik r\u00e9szben pedig felt\u00e1rja az \u00f6sszef\u00fcgg\u00e9seket Gaiman Soseholja \u00e9s L\u00e1szl\u00f3 Zolt\u00e1n Egyszervolt c\u00edm\u0171 reg\u00e9nye k\u00f6z\u00f6tt.<\/p><\/blockquote>\n<p><a href=\"http:\/\/www.partitura.fss.ukf.sk\/wp-content\/uploads\/2016\/10\/Heged\u0171s-2015_1.pdf\"><strong>Teljes sz\u00f6veg<\/strong><\/a><\/p>\n","protected":false},"excerpt":{"rendered":"<p>Heged\u0171s Norbert IN:\u00a0Partit\u00fara Irodalomtudom\u00e1nyi foly\u00f3irat, X. \u00e9vfolyam, 1. sz\u00e1m, 2015, 93-102. oldal, ISSN 1336-7307 DOI:\u00a010.17846\/PA.2015.5.1.93-102 [&hellip;]<\/p>\n","protected":false},"author":4,"featured_media":0,"parent":0,"menu_order":0,"comment_status":"closed","ping_status":"open","template":"","meta":[],"_links":{"self":[{"href":"http:\/\/www.partitura.fss.ukf.sk\/index.php?rest_route=\/wp\/v2\/pages\/835"}],"collection":[{"href":"http:\/\/www.partitura.fss.ukf.sk\/index.php?rest_route=\/wp\/v2\/pages"}],"about":[{"href":"http:\/\/www.partitura.fss.ukf.sk\/index.php?rest_route=\/wp\/v2\/types\/page"}],"author":[{"embeddable":true,"href":"http:\/\/www.partitura.fss.ukf.sk\/index.php?rest_route=\/wp\/v2\/users\/4"}],"replies":[{"embeddable":true,"href":"http:\/\/www.partitura.fss.ukf.sk\/index.php?rest_route=%2Fwp%2Fv2%2Fcomments&post=835"}],"version-history":[{"count":10,"href":"http:\/\/www.partitura.fss.ukf.sk\/index.php?rest_route=\/wp\/v2\/pages\/835\/revisions"}],"predecessor-version":[{"id":1520,"href":"http:\/\/www.partitura.fss.ukf.sk\/index.php?rest_route=\/wp\/v2\/pages\/835\/revisions\/1520"}],"wp:attachment":[{"href":"http:\/\/www.partitura.fss.ukf.sk\/index.php?rest_route=%2Fwp%2Fv2%2Fmedia&parent=835"}],"curies":[{"name":"wp","href":"https:\/\/api.w.org\/{rel}","templated":true}]}}