{"id":839,"date":"2016-03-10T07:49:15","date_gmt":"2016-03-10T07:49:15","guid":{"rendered":"http:\/\/www.partitura.fss.ukf.sk\/?page_id=839"},"modified":"2019-12-09T08:10:34","modified_gmt":"2019-12-09T08:10:34","slug":"teljes-gozzel-steampunk-kalauz","status":"publish","type":"page","link":"http:\/\/www.partitura.fss.ukf.sk\/?page_id=839","title":{"rendered":"Teljes g\u0151zzel. Steampunk kalauz"},"content":{"rendered":"<h3>Baka L. Patrik<\/h3>\n<p><strong>IN:\u00a0<\/strong>Partit\u00fara Irodalomtudom\u00e1nyi foly\u00f3irat, X. \u00e9vfolyam, 1. sz\u00e1m, 2015, 57-92. oldal, ISSN 1336-7307<\/p>\n<p><strong>DOI:\u00a0<\/strong>10.17846\/PA.2015.5.1.57-92<\/p>\n<p><strong>Absztrakt<\/strong><\/p>\n<blockquote><p>A tanulm\u00e1ny a steampunk szubzs\u00e1ner \u00e9s az alternat\u00edv t\u00f6rt\u00e9nelmi zs\u00e1ner \u00f6sszefon\u00f3d\u00f3 k\u00e9rd\u00e9sir\u00e1nyaira koncentr\u00e1l. Els\u0151, nagy szakasz\u00e1ban a steampunk m\u0171fajelm\u00e9let\u00e9t t\u00e1rgyalja, melynek defini\u00e1l\u00e1s\u00e1t\u00f3l az ir\u00e1nyzat m\u0171fajk\u00f6zi kapcsolatainak boncolgat\u00e1s\u00e1n \u00e1t a kezdeti m\u0171vek bemutat\u00e1s\u00e1ig jut. A dolgozat j\u00f3r\u00e9szt az angolsz\u00e1sz szakirodalomra alapoz, \u00e9s magyar vonatkoz\u00e1sban hi\u00e1nyp\u00f3tl\u00f3nak bizonyul, hiszen hasonl\u00f3 \u00f6sszefoglal\u00f3 munka ezen a nyelven m\u00e9g nem k\u00e9sz\u00fclt a steampunkr\u00f3l.<\/p><\/blockquote>\n<p><a href=\"http:\/\/www.partitura.fss.ukf.sk\/wp-content\/uploads\/2016\/10\/BAKA-2015_1.pdf\"><strong>Teljes sz\u00f6veg<\/strong><\/a><\/p>\n","protected":false},"excerpt":{"rendered":"<p>Baka L. Patrik IN:\u00a0Partit\u00fara Irodalomtudom\u00e1nyi foly\u00f3irat, X. \u00e9vfolyam, 1. sz\u00e1m, 2015, 57-92. oldal, ISSN 1336-7307 [&hellip;]<\/p>\n","protected":false},"author":4,"featured_media":0,"parent":0,"menu_order":0,"comment_status":"closed","ping_status":"open","template":"","meta":[],"_links":{"self":[{"href":"http:\/\/www.partitura.fss.ukf.sk\/index.php?rest_route=\/wp\/v2\/pages\/839"}],"collection":[{"href":"http:\/\/www.partitura.fss.ukf.sk\/index.php?rest_route=\/wp\/v2\/pages"}],"about":[{"href":"http:\/\/www.partitura.fss.ukf.sk\/index.php?rest_route=\/wp\/v2\/types\/page"}],"author":[{"embeddable":true,"href":"http:\/\/www.partitura.fss.ukf.sk\/index.php?rest_route=\/wp\/v2\/users\/4"}],"replies":[{"embeddable":true,"href":"http:\/\/www.partitura.fss.ukf.sk\/index.php?rest_route=%2Fwp%2Fv2%2Fcomments&post=839"}],"version-history":[{"count":10,"href":"http:\/\/www.partitura.fss.ukf.sk\/index.php?rest_route=\/wp\/v2\/pages\/839\/revisions"}],"predecessor-version":[{"id":1521,"href":"http:\/\/www.partitura.fss.ukf.sk\/index.php?rest_route=\/wp\/v2\/pages\/839\/revisions\/1521"}],"wp:attachment":[{"href":"http:\/\/www.partitura.fss.ukf.sk\/index.php?rest_route=%2Fwp%2Fv2%2Fmedia&parent=839"}],"curies":[{"name":"wp","href":"https:\/\/api.w.org\/{rel}","templated":true}]}}