{"id":843,"date":"2016-03-10T07:52:39","date_gmt":"2016-03-10T07:52:39","guid":{"rendered":"http:\/\/www.partitura.fss.ukf.sk\/?page_id=843"},"modified":"2019-12-09T08:10:34","modified_gmt":"2019-12-09T08:10:34","slug":"sziv-hordo-haz-kut-inga-negy-poe-elbeszeles-az-operaszinpadon","status":"publish","type":"page","link":"http:\/\/www.partitura.fss.ukf.sk\/?page_id=843","title":{"rendered":"Sz\u00edv, hord\u00f3, h\u00e1z, k\u00fat, inga. N\u00e9gy Poe-elbesz\u00e9l\u00e9s az operasz\u00ednpadon"},"content":{"rendered":"<h3>Csehy Zolt\u00e1n<\/h3>\n<p><strong>IN: <\/strong>Partit\u00fara Irodalomtudom\u00e1nyi foly\u00f3irat, X. \u00e9vfolyam, 1. sz\u00e1m, 2015, 43-56. oldal, ISSN 1336-7307<\/p>\n<p><strong>DOI: <\/strong>10.17846\/PA.2015.5.1.43-56<\/p>\n<p><strong>Absztrakt<\/strong><\/p>\n<blockquote><p>A tanulm\u00e1ny Poe n\u00e9gy novell\u00e1j\u00e1nak (Az \u00e1rul\u00f3 sz\u00edv, Egy hord\u00f3 Amontillado, Az Usher-h\u00e1z v\u00e9ge, A k\u00fat \u00e9s az inga) operafeldolgoz\u00e1saival foglalkozik. A feldolgoz\u00e1sok r\u00e9szint a klasszikus operas\u00e9m\u00e1k fel\u0151li melodramatikus \u00fajra\u00e9rtelmez\u00e9s adapt\u00e1lt gesztusrendszer\u00e9t haszn\u00e1lj\u00e1k (pl. Adolphe, Butts, Debussy), r\u00e9szint a posztfreudista tapasztalatb\u00f3l kiindul\u00f3 tudatopera alakzatait (pl. Haas, Bettinelli, glass, Coli). A zene sokszor k\u00eds\u00e9r\u0151zenek\u00e9nt m\u0171k\u00f6dik (pl. Copelandn\u00e9l), de arra is akad p\u00e9lda, hogy ellenszeg\u00fcl a helyzet komolys\u00e1g\u00e1nak, s Poe sz\u00f6veg\u00e9ben megcsillantja a gyilkos ir\u00f3ni\u00e1t (pl. Pinkham, Solari munk\u00e1iban). k\u00fcl\u00f6n \u00e9rdekess\u00e9g Poe konkr\u00e9t vagy alter eg\u00f3k\u00e9nt val\u00f3 belekompon\u00e1l\u00e1sa egy-egy fikt\u00edv t\u00f6rt\u00e9netbe (pl. Argento, Adolphe), de a hibridit\u00e1s felfokozott jelenl\u00e9t\u00e9re is van p\u00e9lda (l\u00e1sd pl. Haasn\u00e1l Poe \u00e9s Kafka szimbolikus tal\u00e1lkoz\u00e1s\u00e1t).<\/p><\/blockquote>\n<p><a href=\"http:\/\/www.partitura.fss.ukf.sk\/wp-content\/uploads\/2016\/10\/Csehy-2015_1.pdf\"><strong>Teljes sz\u00f6veg<\/strong><\/a><\/p>\n","protected":false},"excerpt":{"rendered":"<p>Csehy Zolt\u00e1n IN: Partit\u00fara Irodalomtudom\u00e1nyi foly\u00f3irat, X. \u00e9vfolyam, 1. sz\u00e1m, 2015, 43-56. oldal, ISSN 1336-7307 [&hellip;]<\/p>\n","protected":false},"author":4,"featured_media":0,"parent":0,"menu_order":0,"comment_status":"closed","ping_status":"open","template":"","meta":[],"_links":{"self":[{"href":"http:\/\/www.partitura.fss.ukf.sk\/index.php?rest_route=\/wp\/v2\/pages\/843"}],"collection":[{"href":"http:\/\/www.partitura.fss.ukf.sk\/index.php?rest_route=\/wp\/v2\/pages"}],"about":[{"href":"http:\/\/www.partitura.fss.ukf.sk\/index.php?rest_route=\/wp\/v2\/types\/page"}],"author":[{"embeddable":true,"href":"http:\/\/www.partitura.fss.ukf.sk\/index.php?rest_route=\/wp\/v2\/users\/4"}],"replies":[{"embeddable":true,"href":"http:\/\/www.partitura.fss.ukf.sk\/index.php?rest_route=%2Fwp%2Fv2%2Fcomments&post=843"}],"version-history":[{"count":10,"href":"http:\/\/www.partitura.fss.ukf.sk\/index.php?rest_route=\/wp\/v2\/pages\/843\/revisions"}],"predecessor-version":[{"id":1522,"href":"http:\/\/www.partitura.fss.ukf.sk\/index.php?rest_route=\/wp\/v2\/pages\/843\/revisions\/1522"}],"wp:attachment":[{"href":"http:\/\/www.partitura.fss.ukf.sk\/index.php?rest_route=%2Fwp%2Fv2%2Fmedia&parent=843"}],"curies":[{"name":"wp","href":"https:\/\/api.w.org\/{rel}","templated":true}]}}