{"id":860,"date":"2016-03-10T10:22:11","date_gmt":"2016-03-10T10:22:11","guid":{"rendered":"http:\/\/www.partitura.fss.ukf.sk\/?page_id=860"},"modified":"2019-12-09T08:10:28","modified_gmt":"2019-12-09T08:10:28","slug":"inkabb-szelloztessunk-kosztolanyi-dezso-istenitelet","status":"publish","type":"page","link":"http:\/\/www.partitura.fss.ukf.sk\/?page_id=860","title":{"rendered":"Ink\u00e1bb szell\u0151ztess\u00fcnk (Kosztol\u00e1nyi Dezs\u0151: Isten\u00edt\u00e9let)"},"content":{"rendered":"<h3>Szil\u00e1gyi Zs\u00f3fia<\/h3>\n<p><strong>IN:\u00a0<\/strong>Partit\u00fara Irodalomtudom\u00e1nyi foly\u00f3irat, X. \u00e9vfolyam, 2. sz\u00e1m, 2015, 3-20. oldal, ISSN 1336-7307<\/p>\n<p><strong>DOI:\u00a0<\/strong>10.17846\/PA.2015.10.2.3-20<\/p>\n<p><strong>Absztrakt<\/strong><\/p>\n<blockquote><p>Kosztol\u00e1nyi Dezs\u0151 korai novell\u00e1i hagyom\u00e1nyosan kisebb figyelmet kapnak az \u00e9rtelmez\u0151kt\u0151l, mint az 1920 ut\u00e1n sz\u00fcletettek. az \u00edr\u00f3 els\u0151 novell\u00e1sk\u00f6tet\u00e9ben, az 1908-as Boszork\u00e1nyos est\u00e9kben megjelent Isten\u00edt\u00e9let vizsg\u00e1lat\u00e1val igyeksz\u00fcnk megmutatni, mi\u00e9rt lehet tanuls\u00e1gos ezekkel az \u201eelhanyagolt\u201d sz\u00f6vegekkel foglalkozni. Az Isten\u00edt\u00e9let sz\u00f6vegv\u00e1ltozatainak, a hozz\u00e1 motivikusan, tematikusan kapcsol\u00f3d\u00f3 pr\u00f3zai Kosztol\u00e1nyi-m\u0171veknek az elemz\u00e9se seg\u00edthet megrajzolni az \u00e9letm\u0171ben megfigyelhet\u0151 sz\u00f6vegalakul\u00e1sokat, sz\u00f6vegutakat. \u00c9s levonhatjuk a k\u00f6vetkeztet\u00e9st: Kosztol\u00e1nyi nyelvi ereje, sz\u00f6vegalkot\u00f3 \u00e9s s\u0171r\u00edt\u0151 k\u00e9pess\u00e9ge rengeteg munka \u00e1r\u00e1n teljesedett ki a h\u00faszas-harmincas \u00e9vekre.<\/p><\/blockquote>\n<p><a href=\"http:\/\/www.partitura.fss.ukf.sk\/wp-content\/uploads\/2016\/10\/2015_2-Szil\u00e1gyi.pdf\"><strong>Teljes sz\u00f6veg<\/strong><\/a><\/p>\n","protected":false},"excerpt":{"rendered":"<p>Szil\u00e1gyi Zs\u00f3fia IN:\u00a0Partit\u00fara Irodalomtudom\u00e1nyi foly\u00f3irat, X. \u00e9vfolyam, 2. sz\u00e1m, 2015, 3-20. oldal, ISSN 1336-7307 DOI:\u00a010.17846\/PA.2015.10.2.3-20 [&hellip;]<\/p>\n","protected":false},"author":4,"featured_media":0,"parent":0,"menu_order":0,"comment_status":"closed","ping_status":"open","template":"","meta":[],"_links":{"self":[{"href":"http:\/\/www.partitura.fss.ukf.sk\/index.php?rest_route=\/wp\/v2\/pages\/860"}],"collection":[{"href":"http:\/\/www.partitura.fss.ukf.sk\/index.php?rest_route=\/wp\/v2\/pages"}],"about":[{"href":"http:\/\/www.partitura.fss.ukf.sk\/index.php?rest_route=\/wp\/v2\/types\/page"}],"author":[{"embeddable":true,"href":"http:\/\/www.partitura.fss.ukf.sk\/index.php?rest_route=\/wp\/v2\/users\/4"}],"replies":[{"embeddable":true,"href":"http:\/\/www.partitura.fss.ukf.sk\/index.php?rest_route=%2Fwp%2Fv2%2Fcomments&post=860"}],"version-history":[{"count":8,"href":"http:\/\/www.partitura.fss.ukf.sk\/index.php?rest_route=\/wp\/v2\/pages\/860\/revisions"}],"predecessor-version":[{"id":1528,"href":"http:\/\/www.partitura.fss.ukf.sk\/index.php?rest_route=\/wp\/v2\/pages\/860\/revisions\/1528"}],"wp:attachment":[{"href":"http:\/\/www.partitura.fss.ukf.sk\/index.php?rest_route=%2Fwp%2Fv2%2Fmedia&parent=860"}],"curies":[{"name":"wp","href":"https:\/\/api.w.org\/{rel}","templated":true}]}}